{"id":3514,"date":"2026-02-25T19:31:59","date_gmt":"2026-02-25T19:31:59","guid":{"rendered":"https:\/\/identimax.com.py\/?post_type=product&#038;p=3514"},"modified":"2026-02-25T19:32:55","modified_gmt":"2026-02-25T19:32:55","slug":"serie-epc-b2000","status":"publish","type":"product","link":"https:\/\/identimax.com.py\/?product=serie-epc-b2000","title":{"rendered":"Serie EPC-B2000"},"content":{"rendered":"<p>Flexibilidad total para tus proyectos. La serie EPC-B2000 es un chasis barebone industrial econ\u00f3mico para placas base Mini-ITX. Combina la potencia de procesadores de escritorio de alto rendimiento con la durabilidad de Advantech, permitiendo integrar tarjetas de expansi\u00f3n PCIe y bah\u00edas resistentes a golpes para discos de almacenamiento.<\/p>\n","protected":false},"excerpt":{"rendered":"<p data-path-to-node=\"47\"><b data-path-to-node=\"47\" data-index-in-node=\"19\">El est\u00e1ndar industrial a tu medida<\/b><\/p>\n<p data-path-to-node=\"47\">No todos los proyectos log\u00edsticos o de manufactura necesitan lo mismo. La serie EPC-B2000 est\u00e1 dise\u00f1ada pensando en la escalabilidad y la personalizaci\u00f3n. Este sistema barebone basado en el est\u00e1ndar Mini-ITX te permite ensamblar un equipo industrial eligiendo la potencia exacta que tu cliente necesita, desde procesadores b\u00e1sicos hasta Intel\u00ae Core\u2122 de alta gama.<\/p>\n<p data-path-to-node=\"48\">Su chasis incluye espacio reservado para m\u00faltiples conectores (USB, puertos Seriales, antenas Wi-Fi) y cuenta con protecci\u00f3n antivibraci\u00f3n para los discos de almacenamiento, asegurando que los datos est\u00e9n a salvo incluso cerca de cintas transportadoras o maquinaria pesada.<\/p>\n","protected":false},"featured_media":3518,"template":"","meta":{"_joinchat":[]},"product_brand":[354],"product_cat":[371],"product_tag":[],"class_list":{"0":"post-3514","1":"product","2":"type-product","3":"status-publish","4":"has-post-thumbnail","6":"product_brand-generico","7":"product_cat-advantech","9":"first","10":"instock","11":"shipping-taxable","12":"product-type-simple"},"_links":{"self":[{"href":"https:\/\/identimax.com.py\/index.php?rest_route=\/wp\/v2\/product\/3514","targetHints":{"allow":["GET"]}}],"collection":[{"href":"https:\/\/identimax.com.py\/index.php?rest_route=\/wp\/v2\/product"}],"about":[{"href":"https:\/\/identimax.com.py\/index.php?rest_route=\/wp\/v2\/types\/product"}],"wp:featuredmedia":[{"embeddable":true,"href":"https:\/\/identimax.com.py\/index.php?rest_route=\/wp\/v2\/media\/3518"}],"wp:attachment":[{"href":"https:\/\/identimax.com.py\/index.php?rest_route=%2Fwp%2Fv2%2Fmedia&parent=3514"}],"wp:term":[{"taxonomy":"product_brand","embeddable":true,"href":"https:\/\/identimax.com.py\/index.php?rest_route=%2Fwp%2Fv2%2Fproduct_brand&post=3514"},{"taxonomy":"product_cat","embeddable":true,"href":"https:\/\/identimax.com.py\/index.php?rest_route=%2Fwp%2Fv2%2Fproduct_cat&post=3514"},{"taxonomy":"product_tag","embeddable":true,"href":"https:\/\/identimax.com.py\/index.php?rest_route=%2Fwp%2Fv2%2Fproduct_tag&post=3514"}],"curies":[{"name":"wp","href":"https:\/\/api.w.org\/{rel}","templated":true}]}}