{"id":3512,"date":"2026-02-25T19:27:47","date_gmt":"2026-02-25T19:27:47","guid":{"rendered":"https:\/\/identimax.com.py\/?post_type=product&#038;p=3512"},"modified":"2026-02-25T19:28:28","modified_gmt":"2026-02-25T19:28:28","slug":"serie-epc-s100","status":"publish","type":"product","link":"https:\/\/identimax.com.py\/?product=serie-epc-s100","title":{"rendered":"Serie EPC-S100"},"content":{"rendered":"<p>El punto de entrada perfecto al mundo IoT industrial. La serie EPC-S100 es un equipo ultracompacto, sin ventiladores (fanless) y de muy bajo consumo. Dise\u00f1ado para funcionar como nodo de recolecci\u00f3n de datos o puerta de enlace (Gateway), garantizando conectividad ininterrumpida y mantenimiento cero en la planta.<\/p>\n","protected":false},"excerpt":{"rendered":"<p data-path-to-node=\"27\">Para conectar sensores, m\u00e1quinas antiguas o sistemas de control al mundo digital (Industria 4.0), necesit\u00e1s un equipo que simplemente funcione, se instale en cualquier lado y te olvides de que existe. La serie EPC-S100 cumple exactamente esa promesa.<\/p>\n<p data-path-to-node=\"28\">Al ser un sistema 100% libre de ventiladores (fanless), elimina el riesgo de fallas mec\u00e1nicas por acumulaci\u00f3n de polvo. Es la soluci\u00f3n ideal para actuar como puente entre el hardware f\u00edsico de la f\u00e1brica y tu red corporativa.<\/p>\n","protected":false},"featured_media":3509,"template":"","meta":{"_joinchat":[]},"product_brand":[354],"product_cat":[371],"product_tag":[],"class_list":{"0":"post-3512","1":"product","2":"type-product","3":"status-publish","4":"has-post-thumbnail","6":"product_brand-generico","7":"product_cat-advantech","9":"first","10":"instock","11":"shipping-taxable","12":"product-type-simple"},"_links":{"self":[{"href":"https:\/\/identimax.com.py\/index.php?rest_route=\/wp\/v2\/product\/3512","targetHints":{"allow":["GET"]}}],"collection":[{"href":"https:\/\/identimax.com.py\/index.php?rest_route=\/wp\/v2\/product"}],"about":[{"href":"https:\/\/identimax.com.py\/index.php?rest_route=\/wp\/v2\/types\/product"}],"wp:featuredmedia":[{"embeddable":true,"href":"https:\/\/identimax.com.py\/index.php?rest_route=\/wp\/v2\/media\/3509"}],"wp:attachment":[{"href":"https:\/\/identimax.com.py\/index.php?rest_route=%2Fwp%2Fv2%2Fmedia&parent=3512"}],"wp:term":[{"taxonomy":"product_brand","embeddable":true,"href":"https:\/\/identimax.com.py\/index.php?rest_route=%2Fwp%2Fv2%2Fproduct_brand&post=3512"},{"taxonomy":"product_cat","embeddable":true,"href":"https:\/\/identimax.com.py\/index.php?rest_route=%2Fwp%2Fv2%2Fproduct_cat&post=3512"},{"taxonomy":"product_tag","embeddable":true,"href":"https:\/\/identimax.com.py\/index.php?rest_route=%2Fwp%2Fv2%2Fproduct_tag&post=3512"}],"curies":[{"name":"wp","href":"https:\/\/api.w.org\/{rel}","templated":true}]}}