{"id":3506,"date":"2026-02-25T19:26:12","date_gmt":"2026-02-25T19:26:12","guid":{"rendered":"https:\/\/identimax.com.py\/?post_type=product&#038;p=3506"},"modified":"2026-02-25T19:27:39","modified_gmt":"2026-02-25T19:27:39","slug":"serie-epc-t4000","status":"publish","type":"product","link":"https:\/\/identimax.com.py\/?product=serie-epc-t4000","title":{"rendered":"Serie EPC-T4000"},"content":{"rendered":"<p>M\u00e1xima potencia en un formato ultra compacto. Con solo 44.2 mm de altura, la serie EPC-T4000 es una PC barebone industrial que soporta procesadores de escritorio (como el Intel Core i5), ofreciendo un rendimiento inigualable para kioscos interactivos, se\u00f1alizaci\u00f3n digital y automatizaci\u00f3n de espacios reducidos.<\/p>\n","protected":false},"excerpt":{"rendered":"<p data-path-to-node=\"17\">La serie EPC-T4000 est\u00e1 pensada para integradores que necesitan esconder el hardware de control en lugares donde el espacio es un lujo, pero sin conformarse con procesadores m\u00f3viles de bajo voltaje. Este equipo soporta procesadores Intel\u00ae Core\u2122 de escritorio, brindando la potencia de una PC tradicional dentro de un chasis industrial de apenas 4 cent\u00edmetros de alto.<\/p>\n<p data-path-to-node=\"18\">Su dise\u00f1o t\u00e9rmico inteligente y sus m\u00faltiples opciones de montaje (Pared, VESA, Riel DIN) lo convierten en el cerebro ideal detr\u00e1s de las soluciones de iRetail o atenci\u00f3n al cliente.<\/p>\n","protected":false},"featured_media":3511,"template":"","meta":{"_joinchat":[]},"product_brand":[354],"product_cat":[371],"product_tag":[],"class_list":{"0":"post-3506","1":"product","2":"type-product","3":"status-publish","4":"has-post-thumbnail","6":"product_brand-generico","7":"product_cat-advantech","9":"first","10":"instock","11":"shipping-taxable","12":"product-type-simple"},"_links":{"self":[{"href":"https:\/\/identimax.com.py\/index.php?rest_route=\/wp\/v2\/product\/3506","targetHints":{"allow":["GET"]}}],"collection":[{"href":"https:\/\/identimax.com.py\/index.php?rest_route=\/wp\/v2\/product"}],"about":[{"href":"https:\/\/identimax.com.py\/index.php?rest_route=\/wp\/v2\/types\/product"}],"wp:featuredmedia":[{"embeddable":true,"href":"https:\/\/identimax.com.py\/index.php?rest_route=\/wp\/v2\/media\/3511"}],"wp:attachment":[{"href":"https:\/\/identimax.com.py\/index.php?rest_route=%2Fwp%2Fv2%2Fmedia&parent=3506"}],"wp:term":[{"taxonomy":"product_brand","embeddable":true,"href":"https:\/\/identimax.com.py\/index.php?rest_route=%2Fwp%2Fv2%2Fproduct_brand&post=3506"},{"taxonomy":"product_cat","embeddable":true,"href":"https:\/\/identimax.com.py\/index.php?rest_route=%2Fwp%2Fv2%2Fproduct_cat&post=3506"},{"taxonomy":"product_tag","embeddable":true,"href":"https:\/\/identimax.com.py\/index.php?rest_route=%2Fwp%2Fv2%2Fproduct_tag&post=3506"}],"curies":[{"name":"wp","href":"https:\/\/api.w.org\/{rel}","templated":true}]}}