{"id":2601,"date":"2026-01-27T00:45:29","date_gmt":"2026-01-27T00:45:29","guid":{"rendered":"https:\/\/identimax.com.py\/index.php\/product\/pulseras-rfid-de-siliconas\/"},"modified":"2026-02-11T23:16:24","modified_gmt":"2026-02-11T23:16:24","slug":"pulseras-rfid-de-siliconas","status":"publish","type":"product","link":"https:\/\/identimax.com.py\/?product=pulseras-rfid-de-siliconas","title":{"rendered":"Pulseras RFID de silicona"},"content":{"rendered":"<p>Fabricadas en silicona hipoalerg\u00e9nica de alta calidad, son c\u00f3modas de usar durante la actividad f\u00edsica. Integran un chip RFID sellado en su interior, totalmente protegido del agua y los golpes.<\/p>\n<p>Disponibles en varios colores y talles, y con diferentes tecnolog\u00edas de chip (Mifare, EM) para ser compatibles con tus molinetes y cerraduras de lockers actuales.<\/p>\n","protected":false},"excerpt":{"rendered":"<p><strong>Durabilidad y confort para gimnasios y clubes.<\/strong><br \/>\nOlvidate de las tarjetas perdidas. Las pulseras de silicona RFID son resistentes al agua, al sudor y al uso intensivo. Son la credencial ideal para socios de gimnasios, piletas, spas y parques acu\u00e1ticos donde el usuario necesita tener las manos libres.<\/p>\n","protected":false},"featured_media":3229,"template":"","meta":{"_joinchat":[]},"product_brand":[354],"product_cat":[73],"product_tag":[357],"class_list":{"0":"post-2601","1":"product","2":"type-product","3":"status-publish","4":"has-post-thumbnail","6":"product_brand-generico","7":"product_cat-tarjetas-y-pulseras","8":"product_tag-pulseras","10":"first","11":"instock","12":"shipping-taxable","13":"product-type-simple"},"_links":{"self":[{"href":"https:\/\/identimax.com.py\/index.php?rest_route=\/wp\/v2\/product\/2601","targetHints":{"allow":["GET"]}}],"collection":[{"href":"https:\/\/identimax.com.py\/index.php?rest_route=\/wp\/v2\/product"}],"about":[{"href":"https:\/\/identimax.com.py\/index.php?rest_route=\/wp\/v2\/types\/product"}],"wp:featuredmedia":[{"embeddable":true,"href":"https:\/\/identimax.com.py\/index.php?rest_route=\/wp\/v2\/media\/3229"}],"wp:attachment":[{"href":"https:\/\/identimax.com.py\/index.php?rest_route=%2Fwp%2Fv2%2Fmedia&parent=2601"}],"wp:term":[{"taxonomy":"product_brand","embeddable":true,"href":"https:\/\/identimax.com.py\/index.php?rest_route=%2Fwp%2Fv2%2Fproduct_brand&post=2601"},{"taxonomy":"product_cat","embeddable":true,"href":"https:\/\/identimax.com.py\/index.php?rest_route=%2Fwp%2Fv2%2Fproduct_cat&post=2601"},{"taxonomy":"product_tag","embeddable":true,"href":"https:\/\/identimax.com.py\/index.php?rest_route=%2Fwp%2Fv2%2Fproduct_tag&post=2601"}],"curies":[{"name":"wp","href":"https:\/\/api.w.org\/{rel}","templated":true}]}}