{"id":2600,"date":"2026-01-27T00:45:29","date_gmt":"2026-01-27T00:45:29","guid":{"rendered":"https:\/\/identimax.com.py\/index.php\/product\/tarjetas-de-pvc-inteligentes\/"},"modified":"2026-02-11T23:29:09","modified_gmt":"2026-02-11T23:29:09","slug":"tarjetas-de-pvc-inteligentes","status":"publish","type":"product","link":"https:\/\/identimax.com.py\/?product=tarjetas-de-pvc-inteligentes","title":{"rendered":"Tarjetas de PVC inteligentes"},"content":{"rendered":"<p>Son tarjetas \u00aben blanco\u00bb con un chip y antena integrados. La tecnolog\u00eda <strong>Mifare<\/strong> (13.56 MHz) es ideal para monederos electr\u00f3nicos, control de asistencia y m\u00e1quinas expendedoras. La tecnolog\u00eda <strong>EM<\/strong> (125 kHz) es la opci\u00f3n econ\u00f3mica para acceso simple.<\/p>\n<p>Superficie apta para personalizaci\u00f3n con cualquier impresora de tarjetas del mercado.<\/p>\n","protected":false},"excerpt":{"rendered":"<p><strong>Tecnolog\u00eda RFID abierta para m\u00faltiples aplicaciones.<\/strong><br \/>\nM\u00e1s all\u00e1 del control de acceso, las tarjetas inteligentes (Smart Cards) permiten pagos cashless, transporte p\u00fablico y fidelizaci\u00f3n. Ofrecemos tarjetas con chips Mifare (1K, 4K, DESFire) y EM de alta calidad, listas para ser programadas e impresas.<\/p>\n","protected":false},"featured_media":3225,"template":"","meta":{"_joinchat":[]},"product_brand":[354],"product_cat":[73],"product_tag":[356],"class_list":{"0":"post-2600","1":"product","2":"type-product","3":"status-publish","4":"has-post-thumbnail","6":"product_brand-generico","7":"product_cat-tarjetas-y-pulseras","8":"product_tag-tarjetas","10":"first","11":"instock","12":"shipping-taxable","13":"product-type-simple"},"_links":{"self":[{"href":"https:\/\/identimax.com.py\/index.php?rest_route=\/wp\/v2\/product\/2600","targetHints":{"allow":["GET"]}}],"collection":[{"href":"https:\/\/identimax.com.py\/index.php?rest_route=\/wp\/v2\/product"}],"about":[{"href":"https:\/\/identimax.com.py\/index.php?rest_route=\/wp\/v2\/types\/product"}],"wp:featuredmedia":[{"embeddable":true,"href":"https:\/\/identimax.com.py\/index.php?rest_route=\/wp\/v2\/media\/3225"}],"wp:attachment":[{"href":"https:\/\/identimax.com.py\/index.php?rest_route=%2Fwp%2Fv2%2Fmedia&parent=2600"}],"wp:term":[{"taxonomy":"product_brand","embeddable":true,"href":"https:\/\/identimax.com.py\/index.php?rest_route=%2Fwp%2Fv2%2Fproduct_brand&post=2600"},{"taxonomy":"product_cat","embeddable":true,"href":"https:\/\/identimax.com.py\/index.php?rest_route=%2Fwp%2Fv2%2Fproduct_cat&post=2600"},{"taxonomy":"product_tag","embeddable":true,"href":"https:\/\/identimax.com.py\/index.php?rest_route=%2Fwp%2Fv2%2Fproduct_tag&post=2600"}],"curies":[{"name":"wp","href":"https:\/\/api.w.org\/{rel}","templated":true}]}}