{"id":2595,"date":"2026-01-27T00:41:36","date_gmt":"2026-01-27T00:41:36","guid":{"rendered":"https:\/\/identimax.com.py\/index.php\/product\/true-colours-i-series-retransferencia\/"},"modified":"2026-02-09T21:15:23","modified_gmt":"2026-02-09T21:15:23","slug":"true-colours-i-series-retransferencia","status":"publish","type":"product","link":"https:\/\/identimax.com.py\/?product=true-colours-i-series-retransferencia","title":{"rendered":"True Colours\u00ae i Series Retransferencia"},"content":{"rendered":"<p>Los insumos esenciales para tu Zebra ZXP Series 8 o 9:<\/p>\n<ul>\n<li><strong>800012-445:<\/strong> Cinta Color YMCK (625 img).<\/li>\n<li><strong>800012-601:<\/strong> Film de Retransferencia (1250 img) &#8211; Rinde para 2 cintas de color.<\/li>\n<li><strong>800012-480:<\/strong> Cinta YMCKK (500 img) &#8211; Color frente \/ Negro dorso.<\/li>\n<\/ul>\n<p>El film de retransferencia act\u00faa como una capa de protecci\u00f3n extra, haciendo que la tarjeta sea m\u00e1s resistente al desgaste sin necesidad de laminar.<\/p>\n","protected":false},"excerpt":{"rendered":"<p><strong>Insumos premium para impresi\u00f3n de Retransferencia (ZXP 8\/9).<\/strong><br \/>\nPara lograr una calidad fotogr\u00e1fica y cobertura total, necesit\u00e1s la combinaci\u00f3n de cinta de color y film de retransferencia. Esta tecnolog\u00eda imprime sobre el film y luego lo funde sobre la tarjeta, logrando un acabado perfecto y duradero.<\/p>\n","protected":false},"featured_media":3172,"template":"","meta":{"_joinchat":[]},"product_brand":[70],"product_cat":[72],"product_tag":[356],"class_list":{"0":"post-2595","1":"product","2":"type-product","3":"status-publish","4":"has-post-thumbnail","6":"product_brand-zebra","7":"product_cat-insumos","8":"product_tag-tarjetas","10":"first","11":"instock","12":"shipping-taxable","13":"product-type-simple"},"_links":{"self":[{"href":"https:\/\/identimax.com.py\/index.php?rest_route=\/wp\/v2\/product\/2595","targetHints":{"allow":["GET"]}}],"collection":[{"href":"https:\/\/identimax.com.py\/index.php?rest_route=\/wp\/v2\/product"}],"about":[{"href":"https:\/\/identimax.com.py\/index.php?rest_route=\/wp\/v2\/types\/product"}],"wp:featuredmedia":[{"embeddable":true,"href":"https:\/\/identimax.com.py\/index.php?rest_route=\/wp\/v2\/media\/3172"}],"wp:attachment":[{"href":"https:\/\/identimax.com.py\/index.php?rest_route=%2Fwp%2Fv2%2Fmedia&parent=2595"}],"wp:term":[{"taxonomy":"product_brand","embeddable":true,"href":"https:\/\/identimax.com.py\/index.php?rest_route=%2Fwp%2Fv2%2Fproduct_brand&post=2595"},{"taxonomy":"product_cat","embeddable":true,"href":"https:\/\/identimax.com.py\/index.php?rest_route=%2Fwp%2Fv2%2Fproduct_cat&post=2595"},{"taxonomy":"product_tag","embeddable":true,"href":"https:\/\/identimax.com.py\/index.php?rest_route=%2Fwp%2Fv2%2Fproduct_tag&post=2595"}],"curies":[{"name":"wp","href":"https:\/\/api.w.org\/{rel}","templated":true}]}}