{"id":2593,"date":"2026-01-27T00:41:36","date_gmt":"2026-01-27T00:41:36","guid":{"rendered":"https:\/\/identimax.com.py\/index.php\/product\/cintas-zebra-serie-zc\/"},"modified":"2026-02-09T21:10:08","modified_gmt":"2026-02-09T21:10:08","slug":"cintas-zebra-serie-zc","status":"publish","type":"product","link":"https:\/\/identimax.com.py\/?product=cintas-zebra-serie-zc","title":{"rendered":"Cintas Zebra Serie ZC"},"content":{"rendered":"<p>Ofrecemos los n\u00fameros de parte originales para tu ZC100 o ZC300:<\/p>\n<ul>\n<li><strong>800300-350LA:<\/strong> YMCKO Color (200 img) &#8211; Para impresi\u00f3n full color una cara.<\/li>\n<li><strong>800300-360LA:<\/strong> YMCKOK (200 img) &#8211; Para color frente y negro dorso (ZC300).<\/li>\n<li><strong>800300-563LA:<\/strong> YMCKLL (200 img) &#8211; Larga Duraci\u00f3n (Doble capa protectora).<\/li>\n<li><strong>800300-301LA:<\/strong> Negro Est\u00e1ndar (2000 img) &#8211; Para personalizaci\u00f3n r\u00e1pida.<\/li>\n<\/ul>\n","protected":false},"excerpt":{"rendered":"<p><strong>Cintas inteligentes con carga a prueba de errores.<\/strong><br \/>\nLas cintas para la serie ZC son las m\u00e1s f\u00e1ciles de cargar del mercado. Su dise\u00f1o de cartucho evita que toques la cinta y se ajusta solo de una forma. Incluyen un chip inteligente que le avisa a la impresora cu\u00e1nto insumo queda.<\/p>\n","protected":false},"featured_media":3166,"template":"","meta":{"_joinchat":[]},"product_brand":[70],"product_cat":[72],"product_tag":[356],"class_list":{"0":"post-2593","1":"product","2":"type-product","3":"status-publish","4":"has-post-thumbnail","6":"product_brand-zebra","7":"product_cat-insumos","8":"product_tag-tarjetas","10":"first","11":"instock","12":"shipping-taxable","13":"product-type-simple"},"_links":{"self":[{"href":"https:\/\/identimax.com.py\/index.php?rest_route=\/wp\/v2\/product\/2593","targetHints":{"allow":["GET"]}}],"collection":[{"href":"https:\/\/identimax.com.py\/index.php?rest_route=\/wp\/v2\/product"}],"about":[{"href":"https:\/\/identimax.com.py\/index.php?rest_route=\/wp\/v2\/types\/product"}],"wp:featuredmedia":[{"embeddable":true,"href":"https:\/\/identimax.com.py\/index.php?rest_route=\/wp\/v2\/media\/3166"}],"wp:attachment":[{"href":"https:\/\/identimax.com.py\/index.php?rest_route=%2Fwp%2Fv2%2Fmedia&parent=2593"}],"wp:term":[{"taxonomy":"product_brand","embeddable":true,"href":"https:\/\/identimax.com.py\/index.php?rest_route=%2Fwp%2Fv2%2Fproduct_brand&post=2593"},{"taxonomy":"product_cat","embeddable":true,"href":"https:\/\/identimax.com.py\/index.php?rest_route=%2Fwp%2Fv2%2Fproduct_cat&post=2593"},{"taxonomy":"product_tag","embeddable":true,"href":"https:\/\/identimax.com.py\/index.php?rest_route=%2Fwp%2Fv2%2Fproduct_tag&post=2593"}],"curies":[{"name":"wp","href":"https:\/\/api.w.org\/{rel}","templated":true}]}}