{"id":2590,"date":"2026-01-27T00:41:36","date_gmt":"2026-01-27T00:41:36","guid":{"rendered":"https:\/\/identimax.com.py\/index.php\/product\/ribbons-de-resina-y-resina-textil\/"},"modified":"2026-02-09T20:56:22","modified_gmt":"2026-02-09T20:56:22","slug":"ribbons-de-resina-y-resina-textil","status":"publish","type":"product","link":"https:\/\/identimax.com.py\/?product=ribbons-de-resina-y-resina-textil","title":{"rendered":"Ribbons de Resina y Resina Textil"},"content":{"rendered":"<p>Indispensable para la industria automotriz, electr\u00f3nica (placas PCB) y qu\u00edmica. La impresi\u00f3n con resina sobre etiquetas sint\u00e9ticas (como poli\u00e9ster o poliamida) es pr\u00e1cticamente permanente.<\/p>\n<p>Para el sector textil, nuestra resina especial soporta procesos de lavado, secado y planchado sin perder legibilidad, cumpliendo con las normas de etiquetado de prendas.<\/p>\n","protected":false},"excerpt":{"rendered":"<p><strong>M\u00e1xima durabilidad para ambientes extremos.<\/strong><br \/>\nCuando la etiqueta no puede fallar. La Resina pura ofrece resistencia total a qu\u00edmicos, solventes, calor extremo y abrasi\u00f3n. Adem\u00e1s, ofrecemos Resina Textil espec\u00edfica para etiquetas de composici\u00f3n en ropa que soportan lavados industriales y piedra.<\/p>\n","protected":false},"featured_media":3154,"template":"","meta":{"_joinchat":[]},"product_brand":[354],"product_cat":[72],"product_tag":[355],"class_list":{"0":"post-2590","1":"product","2":"type-product","3":"status-publish","4":"has-post-thumbnail","6":"product_brand-generico","7":"product_cat-insumos","8":"product_tag-ribbons","10":"first","11":"instock","12":"shipping-taxable","13":"product-type-simple"},"_links":{"self":[{"href":"https:\/\/identimax.com.py\/index.php?rest_route=\/wp\/v2\/product\/2590","targetHints":{"allow":["GET"]}}],"collection":[{"href":"https:\/\/identimax.com.py\/index.php?rest_route=\/wp\/v2\/product"}],"about":[{"href":"https:\/\/identimax.com.py\/index.php?rest_route=\/wp\/v2\/types\/product"}],"wp:featuredmedia":[{"embeddable":true,"href":"https:\/\/identimax.com.py\/index.php?rest_route=\/wp\/v2\/media\/3154"}],"wp:attachment":[{"href":"https:\/\/identimax.com.py\/index.php?rest_route=%2Fwp%2Fv2%2Fmedia&parent=2590"}],"wp:term":[{"taxonomy":"product_brand","embeddable":true,"href":"https:\/\/identimax.com.py\/index.php?rest_route=%2Fwp%2Fv2%2Fproduct_brand&post=2590"},{"taxonomy":"product_cat","embeddable":true,"href":"https:\/\/identimax.com.py\/index.php?rest_route=%2Fwp%2Fv2%2Fproduct_cat&post=2590"},{"taxonomy":"product_tag","embeddable":true,"href":"https:\/\/identimax.com.py\/index.php?rest_route=%2Fwp%2Fv2%2Fproduct_tag&post=2590"}],"curies":[{"name":"wp","href":"https:\/\/api.w.org\/{rel}","templated":true}]}}