{"id":2589,"date":"2026-01-27T00:41:36","date_gmt":"2026-01-27T00:41:36","guid":{"rendered":"https:\/\/identimax.com.py\/index.php\/product\/ribbons-de-mezcla-cera-resina\/"},"modified":"2026-02-09T20:35:20","modified_gmt":"2026-02-09T20:35:20","slug":"ribbons-de-mezcla-cera-resina","status":"publish","type":"product","link":"https:\/\/identimax.com.py\/?product=ribbons-de-mezcla-cera-resina","title":{"rendered":"Ribbons de Mezcla (Cera\/Resina)"},"content":{"rendered":"<p>Son insumos \u00abtodo terreno\u00bb: imprimen perfecto tanto en papel ilustraci\u00f3n como en materiales sint\u00e9ticos (OPP, Poli\u00e9ster). Si tus etiquetas de env\u00edo sufren mucho roce en la cinta transportadora o si necesit\u00e1s etiquetar estanter\u00edas, esta es la cinta que necesit\u00e1s.<\/p>\n<p>Ofrecen una nitidez superior para textos peque\u00f1os y c\u00f3digos 2D densos.<\/p>\n","protected":false},"excerpt":{"rendered":"<p><strong>Versatilidad y resistencia al borrado.<\/strong><br \/>\nEl punto medio perfecto. Los ribbons de Mezcla (Wax\/Resin) combinan la econom\u00eda de la cera con la durabilidad de la resina. Ofrecen una excelente resistencia al roce, raspado y manchas leves. Ideales para etiquetas que ser\u00e1n manipuladas frecuentemente.<\/p>\n","protected":false},"featured_media":3151,"template":"","meta":{"_joinchat":[]},"product_brand":[354],"product_cat":[72],"product_tag":[355],"class_list":{"0":"post-2589","1":"product","2":"type-product","3":"status-publish","4":"has-post-thumbnail","6":"product_brand-generico","7":"product_cat-insumos","8":"product_tag-ribbons","10":"first","11":"instock","12":"shipping-taxable","13":"product-type-simple"},"_links":{"self":[{"href":"https:\/\/identimax.com.py\/index.php?rest_route=\/wp\/v2\/product\/2589","targetHints":{"allow":["GET"]}}],"collection":[{"href":"https:\/\/identimax.com.py\/index.php?rest_route=\/wp\/v2\/product"}],"about":[{"href":"https:\/\/identimax.com.py\/index.php?rest_route=\/wp\/v2\/types\/product"}],"wp:featuredmedia":[{"embeddable":true,"href":"https:\/\/identimax.com.py\/index.php?rest_route=\/wp\/v2\/media\/3151"}],"wp:attachment":[{"href":"https:\/\/identimax.com.py\/index.php?rest_route=%2Fwp%2Fv2%2Fmedia&parent=2589"}],"wp:term":[{"taxonomy":"product_brand","embeddable":true,"href":"https:\/\/identimax.com.py\/index.php?rest_route=%2Fwp%2Fv2%2Fproduct_brand&post=2589"},{"taxonomy":"product_cat","embeddable":true,"href":"https:\/\/identimax.com.py\/index.php?rest_route=%2Fwp%2Fv2%2Fproduct_cat&post=2589"},{"taxonomy":"product_tag","embeddable":true,"href":"https:\/\/identimax.com.py\/index.php?rest_route=%2Fwp%2Fv2%2Fproduct_tag&post=2589"}],"curies":[{"name":"wp","href":"https:\/\/api.w.org\/{rel}","templated":true}]}}