{"id":2588,"date":"2026-01-27T00:41:36","date_gmt":"2026-01-27T00:41:36","guid":{"rendered":"https:\/\/identimax.com.py\/index.php\/product\/ribbons-de-cera\/"},"modified":"2026-02-09T20:32:21","modified_gmt":"2026-02-09T20:32:21","slug":"ribbons-de-cera","status":"publish","type":"product","link":"https:\/\/identimax.com.py\/?product=ribbons-de-cera","title":{"rendered":"Ribbons de Cera"},"content":{"rendered":"<p>Formulados para proteger el cabezal de impresi\u00f3n gracias a su capa de backcoating de baja fricci\u00f3n. Funcionan a temperaturas bajas, lo que extiende la vida \u00fatil de tu impresora.<\/p>\n<p>Garantizan c\u00f3digos de barras n\u00edtidos y legibles por cualquier esc\u00e1ner, ofreciendo la mejor relaci\u00f3n costo-beneficio para vol\u00famenes altos de impresi\u00f3n en papel.<\/p>\n","protected":false},"excerpt":{"rendered":"<p><strong>La opci\u00f3n econ\u00f3mica para impresi\u00f3n en papel.<\/strong><br \/>\nNuestros ribbons de cera est\u00e1ndar ofrecen una excelente densidad de negro a altas velocidades de impresi\u00f3n. Son la soluci\u00f3n perfecta para imprimir etiquetas de papel (Ilustraci\u00f3n) en aplicaciones log\u00edsticas generales, cajas y env\u00edos.<\/p>\n","protected":false},"featured_media":3147,"template":"","meta":{"_joinchat":[]},"product_brand":[354],"product_cat":[72],"product_tag":[355],"class_list":{"0":"post-2588","1":"product","2":"type-product","3":"status-publish","4":"has-post-thumbnail","6":"product_brand-generico","7":"product_cat-insumos","8":"product_tag-ribbons","10":"first","11":"instock","12":"shipping-taxable","13":"product-type-simple"},"_links":{"self":[{"href":"https:\/\/identimax.com.py\/index.php?rest_route=\/wp\/v2\/product\/2588","targetHints":{"allow":["GET"]}}],"collection":[{"href":"https:\/\/identimax.com.py\/index.php?rest_route=\/wp\/v2\/product"}],"about":[{"href":"https:\/\/identimax.com.py\/index.php?rest_route=\/wp\/v2\/types\/product"}],"wp:featuredmedia":[{"embeddable":true,"href":"https:\/\/identimax.com.py\/index.php?rest_route=\/wp\/v2\/media\/3147"}],"wp:attachment":[{"href":"https:\/\/identimax.com.py\/index.php?rest_route=%2Fwp%2Fv2%2Fmedia&parent=2588"}],"wp:term":[{"taxonomy":"product_brand","embeddable":true,"href":"https:\/\/identimax.com.py\/index.php?rest_route=%2Fwp%2Fv2%2Fproduct_brand&post=2588"},{"taxonomy":"product_cat","embeddable":true,"href":"https:\/\/identimax.com.py\/index.php?rest_route=%2Fwp%2Fv2%2Fproduct_cat&post=2588"},{"taxonomy":"product_tag","embeddable":true,"href":"https:\/\/identimax.com.py\/index.php?rest_route=%2Fwp%2Fv2%2Fproduct_tag&post=2588"}],"curies":[{"name":"wp","href":"https:\/\/api.w.org\/{rel}","templated":true}]}}