{"id":2587,"date":"2026-01-27T00:41:36","date_gmt":"2026-01-27T00:41:36","guid":{"rendered":"https:\/\/identimax.com.py\/index.php\/product\/etiquetas-opp\/"},"modified":"2026-02-09T20:27:04","modified_gmt":"2026-02-09T20:27:04","slug":"etiquetas-opp","status":"publish","type":"product","link":"https:\/\/identimax.com.py\/?product=etiquetas-opp","title":{"rendered":"Etiquetas OPP"},"content":{"rendered":"<p>El OPP ofrece una terminaci\u00f3n brillante y profesional que realza la imagen de tu producto. Al ser un material sint\u00e9tico, no se deshace con la humedad ni se rasga durante el manipuleo.<\/p>\n<p>Se debe imprimir con Ribbon de Resina o Mezcla Premium para garantizar que la tinta se ancle correctamente y no se borre con el roce o los solventes.<\/p>\n","protected":false},"excerpt":{"rendered":"<p><strong>Resistencia total para productos premium y exteriores.<\/strong><br \/>\nCuando el papel no alcanza, us\u00e1 OPP (Polipropileno). Estas etiquetas pl\u00e1sticas son irrompibles y soportan agua, aceites, qu\u00edmicos y la intemperie. Son la elecci\u00f3n obligada para cosm\u00e9tica, productos de limpieza, activos fijos y tambores qu\u00edmicos.<\/p>\n","protected":false},"featured_media":3143,"template":"","meta":{"_joinchat":[]},"product_brand":[354],"product_cat":[72],"product_tag":[353],"class_list":{"0":"post-2587","1":"product","2":"type-product","3":"status-publish","4":"has-post-thumbnail","6":"product_brand-generico","7":"product_cat-insumos","8":"product_tag-etiquetas","10":"first","11":"instock","12":"shipping-taxable","13":"product-type-simple"},"_links":{"self":[{"href":"https:\/\/identimax.com.py\/index.php?rest_route=\/wp\/v2\/product\/2587","targetHints":{"allow":["GET"]}}],"collection":[{"href":"https:\/\/identimax.com.py\/index.php?rest_route=\/wp\/v2\/product"}],"about":[{"href":"https:\/\/identimax.com.py\/index.php?rest_route=\/wp\/v2\/types\/product"}],"wp:featuredmedia":[{"embeddable":true,"href":"https:\/\/identimax.com.py\/index.php?rest_route=\/wp\/v2\/media\/3143"}],"wp:attachment":[{"href":"https:\/\/identimax.com.py\/index.php?rest_route=%2Fwp%2Fv2%2Fmedia&parent=2587"}],"wp:term":[{"taxonomy":"product_brand","embeddable":true,"href":"https:\/\/identimax.com.py\/index.php?rest_route=%2Fwp%2Fv2%2Fproduct_brand&post=2587"},{"taxonomy":"product_cat","embeddable":true,"href":"https:\/\/identimax.com.py\/index.php?rest_route=%2Fwp%2Fv2%2Fproduct_cat&post=2587"},{"taxonomy":"product_tag","embeddable":true,"href":"https:\/\/identimax.com.py\/index.php?rest_route=%2Fwp%2Fv2%2Fproduct_tag&post=2587"}],"curies":[{"name":"wp","href":"https:\/\/api.w.org\/{rel}","templated":true}]}}