{"id":2582,"date":"2026-01-27T00:36:57","date_gmt":"2026-01-27T00:36:57","guid":{"rendered":"https:\/\/identimax.com.py\/index.php\/product\/terminales-pos-elo-pay\/"},"modified":"2026-02-02T14:11:26","modified_gmt":"2026-02-02T14:11:26","slug":"terminales-pos-elo-pay","status":"publish","type":"product","link":"https:\/\/identimax.com.py\/?product=terminales-pos-elo-pay","title":{"rendered":"Terminales POS Elo Pay"},"content":{"rendered":"<p>Estos dispositivos Android robustos est\u00e1n certificados para aceptar pagos (MSR\/IC\/NFC) de forma segura. Son ideales para restaurantes (pay-at-table) y retail (line busting). Cuentan con esc\u00e1ner de c\u00f3digos de barras integrado y una bater\u00eda que dura todo el turno.<\/p>\n<p>Llev\u00e1 el punto de venta hacia donde est\u00e1 el cliente, no al rev\u00e9s.<\/p>\n","protected":false},"excerpt":{"rendered":"<p><strong>Cobr\u00e1 en cualquier lugar de la tienda.<\/strong><br \/>\nLas terminales Elo Pay son dispositivos m\u00f3viles \u00abtodo en uno\u00bb que integran la computadora y el medio de pago. Permitile a tu staff cobrar en el pasillo, en la mesa o en la fila, reduciendo tiempos de espera y mejorando la atenci\u00f3n.<\/p>\n","protected":false},"featured_media":3022,"template":"","meta":{"_joinchat":[]},"product_brand":[335],"product_cat":[79],"product_tag":[334],"class_list":{"0":"post-2582","1":"product","2":"type-product","3":"status-publish","4":"has-post-thumbnail","6":"product_brand-elo","7":"product_cat-pos","8":"product_tag-elo","10":"first","11":"instock","12":"shipping-taxable","13":"product-type-simple"},"_links":{"self":[{"href":"https:\/\/identimax.com.py\/index.php?rest_route=\/wp\/v2\/product\/2582","targetHints":{"allow":["GET"]}}],"collection":[{"href":"https:\/\/identimax.com.py\/index.php?rest_route=\/wp\/v2\/product"}],"about":[{"href":"https:\/\/identimax.com.py\/index.php?rest_route=\/wp\/v2\/types\/product"}],"wp:featuredmedia":[{"embeddable":true,"href":"https:\/\/identimax.com.py\/index.php?rest_route=\/wp\/v2\/media\/3022"}],"wp:attachment":[{"href":"https:\/\/identimax.com.py\/index.php?rest_route=%2Fwp%2Fv2%2Fmedia&parent=2582"}],"wp:term":[{"taxonomy":"product_brand","embeddable":true,"href":"https:\/\/identimax.com.py\/index.php?rest_route=%2Fwp%2Fv2%2Fproduct_brand&post=2582"},{"taxonomy":"product_cat","embeddable":true,"href":"https:\/\/identimax.com.py\/index.php?rest_route=%2Fwp%2Fv2%2Fproduct_cat&post=2582"},{"taxonomy":"product_tag","embeddable":true,"href":"https:\/\/identimax.com.py\/index.php?rest_route=%2Fwp%2Fv2%2Fproduct_tag&post=2582"}],"curies":[{"name":"wp","href":"https:\/\/api.w.org\/{rel}","templated":true}]}}