{"id":2576,"date":"2026-01-27T00:36:57","date_gmt":"2026-01-27T00:36:57","guid":{"rendered":"https:\/\/identimax.com.py\/index.php\/product\/kioscos-zebra-cc600-cc6000\/"},"modified":"2026-02-02T13:29:45","modified_gmt":"2026-02-02T13:29:45","slug":"kioscos-zebra-cc600-cc6000","status":"publish","type":"product","link":"https:\/\/identimax.com.py\/?product=kioscos-zebra-cc600-cc6000","title":{"rendered":"Kioscos Zebra CC600\/CC6000"},"content":{"rendered":"<p>Instalalos en las estanter\u00edas o en cabeceras de g\u00f3ndola. Vienen con el motor de escaneo avanzado de Zebra que lee c\u00f3digos 1D y 2D en cualquier estado, incluso desde pantallas de celular.<\/p>\n<p>Son dispositivos Android empresariales, f\u00e1ciles de gestionar y seguros, que transforman la autogesti\u00f3n en una ventaja competitiva para tu tienda.<\/p>\n","protected":false},"excerpt":{"rendered":"<p><strong>El asistente digital para tus clientes en el pasillo.<\/strong><br \/>\nMejor\u00e1 la experiencia de compra sin sumar personal. Los micro-kioscos CC600 (5\u00bb) y CC6000 (10\u00bb) permiten a los clientes consultar precios, buscar productos, ver saldo de puntos o llamar a un vendedor con solo escanear un c\u00f3digo.<\/p>\n","protected":false},"featured_media":2994,"template":"","meta":{"_joinchat":[]},"product_brand":[70],"product_cat":[79],"product_tag":[88],"class_list":{"0":"post-2576","1":"product","2":"type-product","3":"status-publish","4":"has-post-thumbnail","6":"product_brand-zebra","7":"product_cat-pos","8":"product_tag-zebra","10":"first","11":"instock","12":"shipping-taxable","13":"product-type-simple"},"_links":{"self":[{"href":"https:\/\/identimax.com.py\/index.php?rest_route=\/wp\/v2\/product\/2576","targetHints":{"allow":["GET"]}}],"collection":[{"href":"https:\/\/identimax.com.py\/index.php?rest_route=\/wp\/v2\/product"}],"about":[{"href":"https:\/\/identimax.com.py\/index.php?rest_route=\/wp\/v2\/types\/product"}],"wp:featuredmedia":[{"embeddable":true,"href":"https:\/\/identimax.com.py\/index.php?rest_route=\/wp\/v2\/media\/2994"}],"wp:attachment":[{"href":"https:\/\/identimax.com.py\/index.php?rest_route=%2Fwp%2Fv2%2Fmedia&parent=2576"}],"wp:term":[{"taxonomy":"product_brand","embeddable":true,"href":"https:\/\/identimax.com.py\/index.php?rest_route=%2Fwp%2Fv2%2Fproduct_brand&post=2576"},{"taxonomy":"product_cat","embeddable":true,"href":"https:\/\/identimax.com.py\/index.php?rest_route=%2Fwp%2Fv2%2Fproduct_cat&post=2576"},{"taxonomy":"product_tag","embeddable":true,"href":"https:\/\/identimax.com.py\/index.php?rest_route=%2Fwp%2Fv2%2Fproduct_tag&post=2576"}],"curies":[{"name":"wp","href":"https:\/\/api.w.org\/{rel}","templated":true}]}}