{"id":2569,"date":"2026-01-27T00:27:22","date_gmt":"2026-01-27T00:27:22","guid":{"rendered":"https:\/\/identimax.com.py\/index.php\/product\/camara-ptz-axis-m50\/"},"modified":"2026-01-27T19:02:38","modified_gmt":"2026-01-27T19:02:38","slug":"camara-ptz-axis-m50","status":"publish","type":"product","link":"https:\/\/identimax.com.py\/?product=camara-ptz-axis-m50","title":{"rendered":"C\u00e1mara PTZ Axis M50"},"content":{"rendered":"<p>Obten\u00e9 una visi\u00f3n de 360 grados de tu negocio a un precio incre\u00edble. La M50 es ideal para supervisar la operaci\u00f3n en tiendas minoristas, escuelas y oficinas. Su instalaci\u00f3n es \u00abplug &amp; play\u00bb y se alimenta por PoE.<\/p>\n<p>No solo ves, tambi\u00e9n escuch\u00e1s. Sus alertas de audio inteligentes te avisan si hay una discusi\u00f3n agresiva o si se rompe una ventana fuera del horario comercial, agregando una capa extra de seguridad.<\/p>\n","protected":false},"excerpt":{"rendered":"<p><strong>La PTZ m\u00e1s peque\u00f1a y accesible del mundo.<\/strong><br \/>\nUn domo PTZ del tama\u00f1o de una hamburguesa. La AXIS M50 es perfecta para tener una vista general de tu tienda y hacer zoom para ver detalles. Incluye micr\u00f3fono para escuchar el ambiente y an\u00e1lisis de audio para detectar gritos o rotura de vidrio.<\/p>\n","protected":false},"featured_media":2680,"template":"","meta":{"_joinchat":[]},"product_brand":[352],"product_cat":[77],"product_tag":[351],"class_list":{"0":"post-2569","1":"product","2":"type-product","3":"status-publish","4":"has-post-thumbnail","6":"product_brand-axis","7":"product_cat-camaras","8":"product_tag-axis","10":"first","11":"instock","12":"shipping-taxable","13":"product-type-simple"},"_links":{"self":[{"href":"https:\/\/identimax.com.py\/index.php?rest_route=\/wp\/v2\/product\/2569","targetHints":{"allow":["GET"]}}],"collection":[{"href":"https:\/\/identimax.com.py\/index.php?rest_route=\/wp\/v2\/product"}],"about":[{"href":"https:\/\/identimax.com.py\/index.php?rest_route=\/wp\/v2\/types\/product"}],"wp:featuredmedia":[{"embeddable":true,"href":"https:\/\/identimax.com.py\/index.php?rest_route=\/wp\/v2\/media\/2680"}],"wp:attachment":[{"href":"https:\/\/identimax.com.py\/index.php?rest_route=%2Fwp%2Fv2%2Fmedia&parent=2569"}],"wp:term":[{"taxonomy":"product_brand","embeddable":true,"href":"https:\/\/identimax.com.py\/index.php?rest_route=%2Fwp%2Fv2%2Fproduct_brand&post=2569"},{"taxonomy":"product_cat","embeddable":true,"href":"https:\/\/identimax.com.py\/index.php?rest_route=%2Fwp%2Fv2%2Fproduct_cat&post=2569"},{"taxonomy":"product_tag","embeddable":true,"href":"https:\/\/identimax.com.py\/index.php?rest_route=%2Fwp%2Fv2%2Fproduct_tag&post=2569"}],"curies":[{"name":"wp","href":"https:\/\/api.w.org\/{rel}","templated":true}]}}