{"id":2568,"date":"2026-01-27T00:27:22","date_gmt":"2026-01-27T00:27:22","guid":{"rendered":"https:\/\/identimax.com.py\/index.php\/product\/camaras-modulares-axis-f\/"},"modified":"2026-01-27T19:40:00","modified_gmt":"2026-01-27T19:40:00","slug":"camaras-modulares-axis-f","status":"publish","type":"product","link":"https:\/\/identimax.com.py\/?product=camaras-modulares-axis-f","title":{"rendered":"C\u00e1maras modulares Axis F"},"content":{"rendered":"<p>Dise\u00f1ada para la vigilancia encubierta o extremadamente discreta. La unidad principal (el cerebro) se puede ubicar en un lugar seguro y ventilado, mientras que el sensor (el ojo) se instala donde hay poco espacio.<\/p>\n<p>Es ideal para cajeros autom\u00e1ticos (ATM), donde se necesita ver el rostro del usuario a corta distancia, o para veh\u00edculos de emergencia y autobuses, donde la resistencia a vibraciones y el tama\u00f1o compacto son fundamentales.<\/p>\n","protected":false},"excerpt":{"rendered":"<p><strong>Vigilancia invisible para espacios reducidos.<\/strong><br \/>\nLa serie F separa el lente del cuerpo de la c\u00e1mara. Esto te permite instalar un lente min\u00fasculo (tama\u00f1o cabeza de alfiler) en un cajero autom\u00e1tico, marco de puerta o veh\u00edculo, escondiendo el procesador a metros de distancia.<\/p>\n","protected":false},"featured_media":2692,"template":"","meta":{"_joinchat":[]},"product_brand":[352],"product_cat":[77],"product_tag":[351],"class_list":{"0":"post-2568","1":"product","2":"type-product","3":"status-publish","4":"has-post-thumbnail","6":"product_brand-axis","7":"product_cat-camaras","8":"product_tag-axis","10":"first","11":"instock","12":"shipping-taxable","13":"product-type-simple"},"_links":{"self":[{"href":"https:\/\/identimax.com.py\/index.php?rest_route=\/wp\/v2\/product\/2568","targetHints":{"allow":["GET"]}}],"collection":[{"href":"https:\/\/identimax.com.py\/index.php?rest_route=\/wp\/v2\/product"}],"about":[{"href":"https:\/\/identimax.com.py\/index.php?rest_route=\/wp\/v2\/types\/product"}],"wp:featuredmedia":[{"embeddable":true,"href":"https:\/\/identimax.com.py\/index.php?rest_route=\/wp\/v2\/media\/2692"}],"wp:attachment":[{"href":"https:\/\/identimax.com.py\/index.php?rest_route=%2Fwp%2Fv2%2Fmedia&parent=2568"}],"wp:term":[{"taxonomy":"product_brand","embeddable":true,"href":"https:\/\/identimax.com.py\/index.php?rest_route=%2Fwp%2Fv2%2Fproduct_brand&post=2568"},{"taxonomy":"product_cat","embeddable":true,"href":"https:\/\/identimax.com.py\/index.php?rest_route=%2Fwp%2Fv2%2Fproduct_cat&post=2568"},{"taxonomy":"product_tag","embeddable":true,"href":"https:\/\/identimax.com.py\/index.php?rest_route=%2Fwp%2Fv2%2Fproduct_tag&post=2568"}],"curies":[{"name":"wp","href":"https:\/\/api.w.org\/{rel}","templated":true}]}}