{"id":2567,"date":"2026-01-27T00:27:21","date_gmt":"2026-01-27T00:27:21","guid":{"rendered":"https:\/\/identimax.com.py\/index.php\/product\/camara-termica-axis-q19\/"},"modified":"2026-01-27T19:22:59","modified_gmt":"2026-01-27T19:22:59","slug":"camara-termica-axis-q19","status":"publish","type":"product","link":"https:\/\/identimax.com.py\/?product=camara-termica-axis-q19","title":{"rendered":"C\u00e1mara T\u00e9rmica Axis Q19"},"content":{"rendered":"<p>La Q19 es mucho m\u00e1s que una c\u00e1mara; es un detector inteligente. Al no depender de la luz, genera muchas menos falsas alarmas que una c\u00e1mara \u00f3ptica tradicional. Combinada con anal\u00edticas de video, puede diferenciar entre un animal, un veh\u00edculo y una persona, alertando a seguridad solo cuando hay una amenaza real.<\/p>\n<p>Es el complemento perfecto para sistemas de seguridad f\u00edsica, permitiendo ver \u00ablo invisible\u00bb en condiciones cr\u00edticas.<\/p>\n","protected":false},"excerpt":{"rendered":"<p><strong>Detecci\u00f3n perimetral infalible, d\u00eda y noche.<\/strong><br \/>\nLas c\u00e1maras t\u00e9rmicas no ven luz, ven calor. La serie Q19 detecta intrusos en completa oscuridad, a trav\u00e9s de humo, niebla o camuflaje. Es la primera l\u00ednea de defensa para proteger el per\u00edmetro de f\u00e1bricas, plantas de energ\u00eda y predios log\u00edsticos.<\/p>\n","protected":false},"featured_media":2688,"template":"","meta":{"_joinchat":[]},"product_brand":[352],"product_cat":[77],"product_tag":[351],"class_list":{"0":"post-2567","1":"product","2":"type-product","3":"status-publish","4":"has-post-thumbnail","6":"product_brand-axis","7":"product_cat-camaras","8":"product_tag-axis","10":"first","11":"instock","12":"shipping-taxable","13":"product-type-simple"},"_links":{"self":[{"href":"https:\/\/identimax.com.py\/index.php?rest_route=\/wp\/v2\/product\/2567","targetHints":{"allow":["GET"]}}],"collection":[{"href":"https:\/\/identimax.com.py\/index.php?rest_route=\/wp\/v2\/product"}],"about":[{"href":"https:\/\/identimax.com.py\/index.php?rest_route=\/wp\/v2\/types\/product"}],"wp:featuredmedia":[{"embeddable":true,"href":"https:\/\/identimax.com.py\/index.php?rest_route=\/wp\/v2\/media\/2688"}],"wp:attachment":[{"href":"https:\/\/identimax.com.py\/index.php?rest_route=%2Fwp%2Fv2%2Fmedia&parent=2567"}],"wp:term":[{"taxonomy":"product_brand","embeddable":true,"href":"https:\/\/identimax.com.py\/index.php?rest_route=%2Fwp%2Fv2%2Fproduct_brand&post=2567"},{"taxonomy":"product_cat","embeddable":true,"href":"https:\/\/identimax.com.py\/index.php?rest_route=%2Fwp%2Fv2%2Fproduct_cat&post=2567"},{"taxonomy":"product_tag","embeddable":true,"href":"https:\/\/identimax.com.py\/index.php?rest_route=%2Fwp%2Fv2%2Fproduct_tag&post=2567"}],"curies":[{"name":"wp","href":"https:\/\/api.w.org\/{rel}","templated":true}]}}