{"id":2566,"date":"2026-01-27T00:27:21","date_gmt":"2026-01-27T00:27:21","guid":{"rendered":"https:\/\/identimax.com.py\/index.php\/product\/camara-multisensor-axis-p37\/"},"modified":"2026-01-27T18:55:24","modified_gmt":"2026-01-27T18:55:24","slug":"camara-multisensor-axis-p37","status":"publish","type":"product","link":"https:\/\/identimax.com.py\/?product=camara-multisensor-axis-p37","title":{"rendered":"C\u00e1mara Multisensor Axis P37"},"content":{"rendered":"<p>Instalar cuatro c\u00e1maras separadas es costoso y complicado. La P37 resuelve esto integrando 3 o 4 sensores de imagen en una sola unidad. Pod\u00e9s mover y enfocar cada lente de forma independiente para cubrir exactamente lo que necesit\u00e1s (ej: dos pasillos largos y una intersecci\u00f3n).<\/p>\n<p>Es la soluci\u00f3n perfecta para grandes \u00e1reas abiertas, estacionamientos y cruces, reduciendo dr\u00e1sticamente los costos de cableado, instalaci\u00f3n y licencias de VMS.<\/p>\n","protected":false},"excerpt":{"rendered":"<p><strong>Cubr\u00ed 360 grados con una sola c\u00e1mara.<\/strong><br \/>\nLa AXIS P37 tiene m\u00faltiples lentes dentro de un solo domo. Esto te permite vigilar cuatro direcciones diferentes (ej: cruce de pasillos, esquinas de edificios) usando un solo cable de red y una sola licencia de software. Eficiencia pura.<\/p>\n","protected":false},"featured_media":2675,"template":"","meta":{"_joinchat":[]},"product_brand":[352],"product_cat":[77],"product_tag":[351],"class_list":{"0":"post-2566","1":"product","2":"type-product","3":"status-publish","4":"has-post-thumbnail","6":"product_brand-axis","7":"product_cat-camaras","8":"product_tag-axis","10":"first","11":"instock","12":"shipping-taxable","13":"product-type-simple"},"_links":{"self":[{"href":"https:\/\/identimax.com.py\/index.php?rest_route=\/wp\/v2\/product\/2566","targetHints":{"allow":["GET"]}}],"collection":[{"href":"https:\/\/identimax.com.py\/index.php?rest_route=\/wp\/v2\/product"}],"about":[{"href":"https:\/\/identimax.com.py\/index.php?rest_route=\/wp\/v2\/types\/product"}],"wp:featuredmedia":[{"embeddable":true,"href":"https:\/\/identimax.com.py\/index.php?rest_route=\/wp\/v2\/media\/2675"}],"wp:attachment":[{"href":"https:\/\/identimax.com.py\/index.php?rest_route=%2Fwp%2Fv2%2Fmedia&parent=2566"}],"wp:term":[{"taxonomy":"product_brand","embeddable":true,"href":"https:\/\/identimax.com.py\/index.php?rest_route=%2Fwp%2Fv2%2Fproduct_brand&post=2566"},{"taxonomy":"product_cat","embeddable":true,"href":"https:\/\/identimax.com.py\/index.php?rest_route=%2Fwp%2Fv2%2Fproduct_cat&post=2566"},{"taxonomy":"product_tag","embeddable":true,"href":"https:\/\/identimax.com.py\/index.php?rest_route=%2Fwp%2Fv2%2Fproduct_tag&post=2566"}],"curies":[{"name":"wp","href":"https:\/\/api.w.org\/{rel}","templated":true}]}}