{"id":2565,"date":"2026-01-27T00:27:21","date_gmt":"2026-01-27T00:27:21","guid":{"rendered":"https:\/\/identimax.com.py\/index.php\/product\/camara-ptz-axis-q60\/"},"modified":"2026-01-27T19:10:08","modified_gmt":"2026-01-27T19:10:08","slug":"camara-ptz-axis-q60","status":"publish","type":"product","link":"https:\/\/identimax.com.py\/?product=camara-ptz-axis-q60","title":{"rendered":"C\u00e1mara PTZ Axis Q60"},"content":{"rendered":"<p>Cuando necesit\u00e1s ver el detalle de una patente o una cara a 200 metros de distancia, la Q60 es la herramienta. Su funci\u00f3n de Autotracking 2 permite que la c\u00e1mara detecte y siga autom\u00e1ticamente a una persona o veh\u00edculo sospechoso sin intervenci\u00f3n del operador.<\/p>\n<p>Construida para operar 24\/7, cuenta con mecanismos de alta durabilidad y funciones como desempa\u00f1ador electr\u00f3nico y estabilizaci\u00f3n de imagen para cuando hay viento fuerte.<\/p>\n","protected":false},"excerpt":{"rendered":"<p><strong>Monitoreo activo de misi\u00f3n cr\u00edtica.<\/strong><br \/>\nLa serie Q60 es la realeza de las c\u00e1maras PTZ (Pan-Tilt-Zoom). Dise\u00f1ada para vigilancia urbana, estadios y aeropuertos, ofrece un zoom \u00f3ptico potente y un movimiento ultra r\u00e1pido para seguir incidentes en tiempo real con precisi\u00f3n milim\u00e9trica.<\/p>\n","protected":false},"featured_media":2685,"template":"","meta":{"_joinchat":[]},"product_brand":[352],"product_cat":[77],"product_tag":[351],"class_list":{"0":"post-2565","1":"product","2":"type-product","3":"status-publish","4":"has-post-thumbnail","6":"product_brand-axis","7":"product_cat-camaras","8":"product_tag-axis","10":"first","11":"instock","12":"shipping-taxable","13":"product-type-simple"},"_links":{"self":[{"href":"https:\/\/identimax.com.py\/index.php?rest_route=\/wp\/v2\/product\/2565","targetHints":{"allow":["GET"]}}],"collection":[{"href":"https:\/\/identimax.com.py\/index.php?rest_route=\/wp\/v2\/product"}],"about":[{"href":"https:\/\/identimax.com.py\/index.php?rest_route=\/wp\/v2\/types\/product"}],"wp:featuredmedia":[{"embeddable":true,"href":"https:\/\/identimax.com.py\/index.php?rest_route=\/wp\/v2\/media\/2685"}],"wp:attachment":[{"href":"https:\/\/identimax.com.py\/index.php?rest_route=%2Fwp%2Fv2%2Fmedia&parent=2565"}],"wp:term":[{"taxonomy":"product_brand","embeddable":true,"href":"https:\/\/identimax.com.py\/index.php?rest_route=%2Fwp%2Fv2%2Fproduct_brand&post=2565"},{"taxonomy":"product_cat","embeddable":true,"href":"https:\/\/identimax.com.py\/index.php?rest_route=%2Fwp%2Fv2%2Fproduct_cat&post=2565"},{"taxonomy":"product_tag","embeddable":true,"href":"https:\/\/identimax.com.py\/index.php?rest_route=%2Fwp%2Fv2%2Fproduct_tag&post=2565"}],"curies":[{"name":"wp","href":"https:\/\/api.w.org\/{rel}","templated":true}]}}