{"id":2564,"date":"2026-01-27T00:27:21","date_gmt":"2026-01-27T00:27:21","guid":{"rendered":"https:\/\/identimax.com.py\/index.php\/product\/camara-bullet-axis-m20\/"},"modified":"2026-01-27T18:07:42","modified_gmt":"2026-01-27T18:07:42","slug":"camara-bullet-axis-m20","status":"publish","type":"product","link":"https:\/\/identimax.com.py\/?product=camara-bullet-axis-m20","title":{"rendered":"C\u00e1mara Bullet Axis M20"},"content":{"rendered":"<p>A pesar de su tama\u00f1o reducido, la M20 tiene prestaciones de \u00abc\u00e1mara grande\u00bb. Cuenta con un parasol integrado que la protege de la lluvia y el reflejo del sol. Su amplio campo de visi\u00f3n (hasta 130 grados) te permite vigilar \u00e1reas extensas con menos c\u00e1maras.<\/p>\n<p>Es una opci\u00f3n costo-efectiva que no sacrifica la calidad de imagen ni la ciberseguridad que caracterizan a Axis.<\/p>\n","protected":false},"excerpt":{"rendered":"<p><strong>Peque\u00f1a, resistente y con visi\u00f3n infrarroja.<\/strong><br \/>\nLa AXIS M20 es una c\u00e1mara bullet peque\u00f1a pero matona. Ofrece excelencia de imagen 4K y un campo de visi\u00f3n amplio en un cuerpo liviano y resistente a la intemperie. Ideal para instalar en exteriores de comercios o bajo aleros donde el espacio es limitado.<\/p>\n","protected":false},"featured_media":2644,"template":"","meta":{"_joinchat":[]},"product_brand":[352],"product_cat":[77],"product_tag":[351],"class_list":{"0":"post-2564","1":"product","2":"type-product","3":"status-publish","4":"has-post-thumbnail","6":"product_brand-axis","7":"product_cat-camaras","8":"product_tag-axis","10":"first","11":"instock","12":"shipping-taxable","13":"product-type-simple"},"_links":{"self":[{"href":"https:\/\/identimax.com.py\/index.php?rest_route=\/wp\/v2\/product\/2564","targetHints":{"allow":["GET"]}}],"collection":[{"href":"https:\/\/identimax.com.py\/index.php?rest_route=\/wp\/v2\/product"}],"about":[{"href":"https:\/\/identimax.com.py\/index.php?rest_route=\/wp\/v2\/types\/product"}],"wp:featuredmedia":[{"embeddable":true,"href":"https:\/\/identimax.com.py\/index.php?rest_route=\/wp\/v2\/media\/2644"}],"wp:attachment":[{"href":"https:\/\/identimax.com.py\/index.php?rest_route=%2Fwp%2Fv2%2Fmedia&parent=2564"}],"wp:term":[{"taxonomy":"product_brand","embeddable":true,"href":"https:\/\/identimax.com.py\/index.php?rest_route=%2Fwp%2Fv2%2Fproduct_brand&post=2564"},{"taxonomy":"product_cat","embeddable":true,"href":"https:\/\/identimax.com.py\/index.php?rest_route=%2Fwp%2Fv2%2Fproduct_cat&post=2564"},{"taxonomy":"product_tag","embeddable":true,"href":"https:\/\/identimax.com.py\/index.php?rest_route=%2Fwp%2Fv2%2Fproduct_tag&post=2564"}],"curies":[{"name":"wp","href":"https:\/\/api.w.org\/{rel}","templated":true}]}}