{"id":2563,"date":"2026-01-27T00:27:21","date_gmt":"2026-01-27T00:27:21","guid":{"rendered":"https:\/\/identimax.com.py\/index.php\/product\/camara-minidomo-axis-m30\/"},"modified":"2026-01-27T18:50:10","modified_gmt":"2026-01-27T18:50:10","slug":"camara-minidomo-axis-m30","status":"publish","type":"product","link":"https:\/\/identimax.com.py\/?product=camara-minidomo-axis-m30","title":{"rendered":"C\u00e1mara Minidomo Axis M30"},"content":{"rendered":"<p>Ideal para boutiques, restaurantes y pasillos de hotel. La M30 ofrece modelos con visi\u00f3n panor\u00e1mica de 360 grados (ojo de pez) que te permiten cubrir una habitaci\u00f3n entera con una sola c\u00e1mara, eliminando puntos ciegos y reduciendo costos de instalaci\u00f3n.<\/p>\n<p>Vienen enfocadas de f\u00e1brica y listas para usar. Su dise\u00f1o sin tornillos visibles la hace est\u00e9ticamente agradable y f\u00e1cil de limpiar.<\/p>\n","protected":false},"excerpt":{"rendered":"<p><strong>Ultra compacta y est\u00e9tica para tiendas y hoteles.<\/strong><br \/>\nLa serie M30 est\u00e1 dise\u00f1ada para ser vista pero no notada. Son minidomos del tama\u00f1o de la palma de la mano que se instalan f\u00e1cilmente en techos o paredes. Ofrecen una visi\u00f3n amplia y clara a un precio muy accesible para PyMEs.<\/p>\n","protected":false},"featured_media":2670,"template":"","meta":{"_joinchat":[]},"product_brand":[352],"product_cat":[77],"product_tag":[351],"class_list":{"0":"post-2563","1":"product","2":"type-product","3":"status-publish","4":"has-post-thumbnail","6":"product_brand-axis","7":"product_cat-camaras","8":"product_tag-axis","10":"first","11":"instock","12":"shipping-taxable","13":"product-type-simple"},"_links":{"self":[{"href":"https:\/\/identimax.com.py\/index.php?rest_route=\/wp\/v2\/product\/2563","targetHints":{"allow":["GET"]}}],"collection":[{"href":"https:\/\/identimax.com.py\/index.php?rest_route=\/wp\/v2\/product"}],"about":[{"href":"https:\/\/identimax.com.py\/index.php?rest_route=\/wp\/v2\/types\/product"}],"wp:featuredmedia":[{"embeddable":true,"href":"https:\/\/identimax.com.py\/index.php?rest_route=\/wp\/v2\/media\/2670"}],"wp:attachment":[{"href":"https:\/\/identimax.com.py\/index.php?rest_route=%2Fwp%2Fv2%2Fmedia&parent=2563"}],"wp:term":[{"taxonomy":"product_brand","embeddable":true,"href":"https:\/\/identimax.com.py\/index.php?rest_route=%2Fwp%2Fv2%2Fproduct_brand&post=2563"},{"taxonomy":"product_cat","embeddable":true,"href":"https:\/\/identimax.com.py\/index.php?rest_route=%2Fwp%2Fv2%2Fproduct_cat&post=2563"},{"taxonomy":"product_tag","embeddable":true,"href":"https:\/\/identimax.com.py\/index.php?rest_route=%2Fwp%2Fv2%2Fproduct_tag&post=2563"}],"curies":[{"name":"wp","href":"https:\/\/api.w.org\/{rel}","templated":true}]}}