{"id":2562,"date":"2026-01-27T00:27:21","date_gmt":"2026-01-27T00:27:21","guid":{"rendered":"https:\/\/identimax.com.py\/index.php\/product\/camara-bullet-axis-p14\/"},"modified":"2026-01-27T18:14:37","modified_gmt":"2026-01-27T18:14:37","slug":"camara-bullet-axis-p14","status":"publish","type":"product","link":"https:\/\/identimax.com.py\/?product=camara-bullet-axis-p14","title":{"rendered":"C\u00e1mara Bullet Axis P14"},"content":{"rendered":"<p>La P14 no le tiene miedo al clima. Viene lista para instalarse bajo la lluvia, nieve o sol intenso. Su sistema de infrarrojos OptimizedIR se ajusta autom\u00e1ticamente al zoom de la c\u00e1mara, garantizando que veas claramente lo que pasa en la oscuridad total sin \u00abquemar\u00bb la imagen.<\/p>\n<p>Incluye anal\u00edticas de borde integradas para detectar movimiento, merodeo o intrusi\u00f3n, envi\u00e1ndote alertas solo cuando realmente pasa algo importante.<\/p>\n","protected":false},"excerpt":{"rendered":"<p><strong>Vigilancia disuasiva 24\/7 para exteriores.<\/strong><br \/>\nCuando quer\u00e9s que la c\u00e1mara se vea y disuada el delito, eleg\u00ed la AXIS P14. Es una bullet compacta lista para exteriores que ofrece video de alta resoluci\u00f3n d\u00eda y noche. Perfecta para estacionamientos, per\u00edmetros y entradas de servicio.<\/p>\n","protected":false},"featured_media":2650,"template":"","meta":{"_joinchat":[]},"product_brand":[352],"product_cat":[77],"product_tag":[351],"class_list":{"0":"post-2562","1":"product","2":"type-product","3":"status-publish","4":"has-post-thumbnail","6":"product_brand-axis","7":"product_cat-camaras","8":"product_tag-axis","10":"first","11":"instock","12":"shipping-taxable","13":"product-type-simple"},"_links":{"self":[{"href":"https:\/\/identimax.com.py\/index.php?rest_route=\/wp\/v2\/product\/2562","targetHints":{"allow":["GET"]}}],"collection":[{"href":"https:\/\/identimax.com.py\/index.php?rest_route=\/wp\/v2\/product"}],"about":[{"href":"https:\/\/identimax.com.py\/index.php?rest_route=\/wp\/v2\/types\/product"}],"wp:featuredmedia":[{"embeddable":true,"href":"https:\/\/identimax.com.py\/index.php?rest_route=\/wp\/v2\/media\/2650"}],"wp:attachment":[{"href":"https:\/\/identimax.com.py\/index.php?rest_route=%2Fwp%2Fv2%2Fmedia&parent=2562"}],"wp:term":[{"taxonomy":"product_brand","embeddable":true,"href":"https:\/\/identimax.com.py\/index.php?rest_route=%2Fwp%2Fv2%2Fproduct_brand&post=2562"},{"taxonomy":"product_cat","embeddable":true,"href":"https:\/\/identimax.com.py\/index.php?rest_route=%2Fwp%2Fv2%2Fproduct_cat&post=2562"},{"taxonomy":"product_tag","embeddable":true,"href":"https:\/\/identimax.com.py\/index.php?rest_route=%2Fwp%2Fv2%2Fproduct_tag&post=2562"}],"curies":[{"name":"wp","href":"https:\/\/api.w.org\/{rel}","templated":true}]}}