{"id":2548,"date":"2026-01-27T00:16:42","date_gmt":"2026-01-27T00:16:42","guid":{"rendered":"https:\/\/identimax.com.py\/index.php\/product\/lector-nedap-nvite\/"},"modified":"2026-02-03T17:48:33","modified_gmt":"2026-02-03T17:48:33","slug":"lector-nedap-nvite","status":"publish","type":"product","link":"https:\/\/identimax.com.py\/?product=lector-nedap-nvite","title":{"rendered":"Lector NEDAP NVITE"},"content":{"rendered":"<p>Flexibilidad total en un solo dispositivo. Pod\u00e9s enviarle un c\u00f3digo QR a un proveedor por email, y \u00e9l accede al estacionamiento escaneando su pantalla. Al mismo tiempo, tus empleados entran usando su credencial habitual.<\/p>\n<p>Robusto para uso en exteriores y con un dise\u00f1o intuitivo que gu\u00eda al usuario para presentar su credencial correctamente.<\/p>\n","protected":false},"excerpt":{"rendered":"<p><strong>El lector multi-tecnolog\u00eda para el mundo h\u00edbrido.<\/strong><br \/>\nNVITE est\u00e1 dise\u00f1ado para gestionar visitantes y empleados en el mismo punto de acceso. Lee todo: c\u00f3digos QR (para visitas), Bluetooth\/NFC (para empleados con celular) y tarjetas RFID tradicionales. Es la soluci\u00f3n perfecta para molinetes de recepci\u00f3n y estacionamientos mixtos.<\/p>\n","protected":false},"featured_media":3086,"template":"","meta":{"_joinchat":[]},"product_brand":[350],"product_cat":[74],"product_tag":[349],"class_list":{"0":"post-2548","1":"product","2":"type-product","3":"status-publish","4":"has-post-thumbnail","6":"product_brand-nedap","7":"product_cat-control-de-acceso","8":"product_tag-nedap","10":"first","11":"instock","12":"shipping-taxable","13":"product-type-simple"},"_links":{"self":[{"href":"https:\/\/identimax.com.py\/index.php?rest_route=\/wp\/v2\/product\/2548","targetHints":{"allow":["GET"]}}],"collection":[{"href":"https:\/\/identimax.com.py\/index.php?rest_route=\/wp\/v2\/product"}],"about":[{"href":"https:\/\/identimax.com.py\/index.php?rest_route=\/wp\/v2\/types\/product"}],"wp:featuredmedia":[{"embeddable":true,"href":"https:\/\/identimax.com.py\/index.php?rest_route=\/wp\/v2\/media\/3086"}],"wp:attachment":[{"href":"https:\/\/identimax.com.py\/index.php?rest_route=%2Fwp%2Fv2%2Fmedia&parent=2548"}],"wp:term":[{"taxonomy":"product_brand","embeddable":true,"href":"https:\/\/identimax.com.py\/index.php?rest_route=%2Fwp%2Fv2%2Fproduct_brand&post=2548"},{"taxonomy":"product_cat","embeddable":true,"href":"https:\/\/identimax.com.py\/index.php?rest_route=%2Fwp%2Fv2%2Fproduct_cat&post=2548"},{"taxonomy":"product_tag","embeddable":true,"href":"https:\/\/identimax.com.py\/index.php?rest_route=%2Fwp%2Fv2%2Fproduct_tag&post=2548"}],"curies":[{"name":"wp","href":"https:\/\/api.w.org\/{rel}","templated":true}]}}