{"id":2545,"date":"2026-01-27T00:16:42","date_gmt":"2026-01-27T00:16:42","guid":{"rendered":"https:\/\/identimax.com.py\/index.php\/product\/lector-nedap-transit\/"},"modified":"2026-02-03T15:14:51","modified_gmt":"2026-02-03T15:14:51","slug":"lector-nedap-transit","status":"publish","type":"product","link":"https:\/\/identimax.com.py\/?product=lector-nedap-transit","title":{"rendered":"Lector NEDAP Transit"},"content":{"rendered":"<p>A diferencia del RFID pasivo, el sistema Transit utiliza tags semi-activos (con bater\u00eda) que son mucho m\u00e1s potentes y robustos. Esto permite leer a trav\u00e9s de vidrios blindados o en entornos con mucha interferencia met\u00e1lica donde otros sistemas fallan.<\/p>\n<p>Es la elecci\u00f3n para bases militares, accesos a puertos y control de flotas de alta seguridad.<\/p>\n","protected":false},"excerpt":{"rendered":"<p><strong>Identificaci\u00f3n vehicular y de conductores a alta velocidad.<\/strong><br \/>\nEl lector Transit Ultimate es una bestia de largo alcance (hasta 10 metros). Utiliza tecnolog\u00eda de microondas (2.45 GHz) para identificar veh\u00edculos y conductores en movimiento, incluso a 200 km\/h. Ideal para seguridad de alto nivel, miner\u00eda y accesos cr\u00edticos.<\/p>\n","protected":false},"featured_media":3075,"template":"","meta":{"_joinchat":[]},"product_brand":[350],"product_cat":[74],"product_tag":[349],"class_list":{"0":"post-2545","1":"product","2":"type-product","3":"status-publish","4":"has-post-thumbnail","6":"product_brand-nedap","7":"product_cat-control-de-acceso","8":"product_tag-nedap","10":"first","11":"instock","12":"shipping-taxable","13":"product-type-simple"},"_links":{"self":[{"href":"https:\/\/identimax.com.py\/index.php?rest_route=\/wp\/v2\/product\/2545","targetHints":{"allow":["GET"]}}],"collection":[{"href":"https:\/\/identimax.com.py\/index.php?rest_route=\/wp\/v2\/product"}],"about":[{"href":"https:\/\/identimax.com.py\/index.php?rest_route=\/wp\/v2\/types\/product"}],"wp:featuredmedia":[{"embeddable":true,"href":"https:\/\/identimax.com.py\/index.php?rest_route=\/wp\/v2\/media\/3075"}],"wp:attachment":[{"href":"https:\/\/identimax.com.py\/index.php?rest_route=%2Fwp%2Fv2%2Fmedia&parent=2545"}],"wp:term":[{"taxonomy":"product_brand","embeddable":true,"href":"https:\/\/identimax.com.py\/index.php?rest_route=%2Fwp%2Fv2%2Fproduct_brand&post=2545"},{"taxonomy":"product_cat","embeddable":true,"href":"https:\/\/identimax.com.py\/index.php?rest_route=%2Fwp%2Fv2%2Fproduct_cat&post=2545"},{"taxonomy":"product_tag","embeddable":true,"href":"https:\/\/identimax.com.py\/index.php?rest_route=%2Fwp%2Fv2%2Fproduct_tag&post=2545"}],"curies":[{"name":"wp","href":"https:\/\/api.w.org\/{rel}","templated":true}]}}