{"id":2540,"date":"2026-01-27T00:11:35","date_gmt":"2026-01-27T00:11:35","guid":{"rendered":"https:\/\/identimax.com.py\/index.php\/product\/tablets-displays-topaz\/"},"modified":"2026-01-27T22:39:33","modified_gmt":"2026-01-27T22:39:33","slug":"tablets-displays-topaz","status":"publish","type":"product","link":"https:\/\/identimax.com.py\/?product=tablets-displays-topaz","title":{"rendered":"Tablets Displays Topaz"},"content":{"rendered":"<p>Disponibles en tama\u00f1os de 7, 10 y hasta 16 pulgadas. Con una GemView, digitaliz\u00e1s todo el proceso de onboarding de clientes en bancos, cl\u00ednicas y concesionarias. El cliente ve el documento completo, rellena campos con el l\u00e1piz y firma al pie, todo digitalmente.<\/p>\n<p>Mejor\u00e1 la experiencia del cliente y elimin\u00e1 los costos de impresi\u00f3n y archivo f\u00edsico para siempre.<\/p>\n","protected":false},"excerpt":{"rendered":"<p><strong>Le\u00e9 y firm\u00e1 documentos a p\u00e1gina completa.<\/strong><br \/>\nPara tr\u00e1mites complejos donde el cliente necesita leer la \u00abletra chica\u00bb antes de firmar. Las pantallas <strong>GemView<\/strong> funcionan como un segundo monitor interactivo, permitiendo mostrar contratos, formularios y publicidad directamente en el mostrador.<\/p>\n","protected":false},"featured_media":2715,"template":"","meta":{"_joinchat":[]},"product_brand":[348],"product_cat":[338],"product_tag":[347],"class_list":{"0":"post-2540","1":"product","2":"type-product","3":"status-publish","4":"has-post-thumbnail","6":"product_brand-topaz","7":"product_cat-capturadores","8":"product_tag-topaz","10":"first","11":"instock","12":"shipping-taxable","13":"product-type-simple"},"_links":{"self":[{"href":"https:\/\/identimax.com.py\/index.php?rest_route=\/wp\/v2\/product\/2540","targetHints":{"allow":["GET"]}}],"collection":[{"href":"https:\/\/identimax.com.py\/index.php?rest_route=\/wp\/v2\/product"}],"about":[{"href":"https:\/\/identimax.com.py\/index.php?rest_route=\/wp\/v2\/types\/product"}],"wp:featuredmedia":[{"embeddable":true,"href":"https:\/\/identimax.com.py\/index.php?rest_route=\/wp\/v2\/media\/2715"}],"wp:attachment":[{"href":"https:\/\/identimax.com.py\/index.php?rest_route=%2Fwp%2Fv2%2Fmedia&parent=2540"}],"wp:term":[{"taxonomy":"product_brand","embeddable":true,"href":"https:\/\/identimax.com.py\/index.php?rest_route=%2Fwp%2Fv2%2Fproduct_brand&post=2540"},{"taxonomy":"product_cat","embeddable":true,"href":"https:\/\/identimax.com.py\/index.php?rest_route=%2Fwp%2Fv2%2Fproduct_cat&post=2540"},{"taxonomy":"product_tag","embeddable":true,"href":"https:\/\/identimax.com.py\/index.php?rest_route=%2Fwp%2Fv2%2Fproduct_tag&post=2540"}],"curies":[{"name":"wp","href":"https:\/\/api.w.org\/{rel}","templated":true}]}}