{"id":2538,"date":"2026-01-27T00:11:35","date_gmt":"2026-01-27T00:11:35","guid":{"rendered":"https:\/\/identimax.com.py\/index.php\/product\/lectores-hid-huellas-dactilares\/"},"modified":"2026-01-27T21:57:59","modified_gmt":"2026-01-27T21:57:59","slug":"lectores-hid-huellas-dactilares","status":"publish","type":"product","link":"https:\/\/identimax.com.py\/?product=lectores-hid-huellas-dactilares","title":{"rendered":"Lectores HID Huellas Dactilares"},"content":{"rendered":"<p>La l\u00ednea incluye el ic\u00f3nico <strong>DigitalPersona 4500<\/strong>, famoso por su elegante dise\u00f1o y luz azul, y la serie <strong>EikonTouch<\/strong> con tecnolog\u00eda capacitiva (como la de los celulares) para m\u00e1xima seguridad.<\/p>\n<p>Son ideales para puntos de venta (POS) y escritorios ejecutivos, permitiendo un inicio de sesi\u00f3n r\u00e1pido y seguro sin contrase\u00f1as que se puedan olvidar o robar.<\/p>\n","protected":false},"excerpt":{"rendered":"<p><strong>La herencia de DigitalPersona: biometr\u00eda de clase mundial.<\/strong><br \/>\nHID (anteriormente Crossmatch\/DigitalPersona) define el est\u00e1ndar en captura de huellas. Sus lectores ofrecen una encriptaci\u00f3n superior y detecci\u00f3n de \u00abdedo vivo\u00bb para evitar fraudes con huellas falsas. Es la tecnolog\u00eda preferida por bancos y grandes corporaciones.<\/p>\n","protected":false},"featured_media":2699,"template":"","meta":{"_joinchat":[]},"product_brand":[344],"product_cat":[338],"product_tag":[343],"class_list":{"0":"post-2538","1":"product","2":"type-product","3":"status-publish","4":"has-post-thumbnail","6":"product_brand-hid","7":"product_cat-capturadores","8":"product_tag-hid","10":"first","11":"instock","12":"shipping-taxable","13":"product-type-simple"},"_links":{"self":[{"href":"https:\/\/identimax.com.py\/index.php?rest_route=\/wp\/v2\/product\/2538","targetHints":{"allow":["GET"]}}],"collection":[{"href":"https:\/\/identimax.com.py\/index.php?rest_route=\/wp\/v2\/product"}],"about":[{"href":"https:\/\/identimax.com.py\/index.php?rest_route=\/wp\/v2\/types\/product"}],"wp:featuredmedia":[{"embeddable":true,"href":"https:\/\/identimax.com.py\/index.php?rest_route=\/wp\/v2\/media\/2699"}],"wp:attachment":[{"href":"https:\/\/identimax.com.py\/index.php?rest_route=%2Fwp%2Fv2%2Fmedia&parent=2538"}],"wp:term":[{"taxonomy":"product_brand","embeddable":true,"href":"https:\/\/identimax.com.py\/index.php?rest_route=%2Fwp%2Fv2%2Fproduct_brand&post=2538"},{"taxonomy":"product_cat","embeddable":true,"href":"https:\/\/identimax.com.py\/index.php?rest_route=%2Fwp%2Fv2%2Fproduct_cat&post=2538"},{"taxonomy":"product_tag","embeddable":true,"href":"https:\/\/identimax.com.py\/index.php?rest_route=%2Fwp%2Fv2%2Fproduct_tag&post=2538"}],"curies":[{"name":"wp","href":"https:\/\/api.w.org\/{rel}","templated":true}]}}