{"id":2531,"date":"2026-01-27T00:06:26","date_gmt":"2026-01-27T00:06:26","guid":{"rendered":"https:\/\/identimax.com.py\/index.php\/product\/impresora-de-tarjetas-solid-210\/"},"modified":"2026-01-29T15:10:33","modified_gmt":"2026-01-29T15:10:33","slug":"impresora-de-tarjetas-solid-210","status":"publish","type":"product","link":"https:\/\/identimax.com.py\/?product=impresora-de-tarjetas-solid-210","title":{"rendered":"Impresora de tarjetas SOLID 210"},"content":{"rendered":"<p>Perfecta para recepciones, peque\u00f1os gimnasios y clubes. Su dise\u00f1o compacto permite ubicarla en cualquier escritorio. A diferencia de otras impresoras de entrada, la SOLID 210 mantiene una construcci\u00f3n interna robusta que asegura una larga vida \u00fatil y menos mantenimiento.<\/p>\n<p>Imprim\u00ed tarjetas de socios o visitantes en segundos, con la tranquilidad de una marca dise\u00f1ada para la estabilidad.<\/p>\n","protected":false},"excerpt":{"rendered":"<p><strong>Simplicidad y robustez para emisi\u00f3n instant\u00e1nea.<\/strong><br \/>\nLa SOLID 210 es la opci\u00f3n ideal para quienes buscan una impresora de alimentaci\u00f3n manual confiable. Con la ingenier\u00eda probada de la serie SOLID, ofrece una operaci\u00f3n sencilla y una calidad de impresi\u00f3n n\u00edtida para credenciales de bajo volumen.<\/p>\n","protected":false},"featured_media":2913,"template":"","meta":{"_joinchat":[]},"product_brand":[342],"product_cat":[71],"product_tag":[341],"class_list":{"0":"post-2531","1":"product","2":"type-product","3":"status-publish","4":"has-post-thumbnail","6":"product_brand-solid","7":"product_cat-impresoras-de-tarjetas","8":"product_tag-solid","10":"first","11":"instock","12":"shipping-taxable","13":"product-type-simple"},"_links":{"self":[{"href":"https:\/\/identimax.com.py\/index.php?rest_route=\/wp\/v2\/product\/2531","targetHints":{"allow":["GET"]}}],"collection":[{"href":"https:\/\/identimax.com.py\/index.php?rest_route=\/wp\/v2\/product"}],"about":[{"href":"https:\/\/identimax.com.py\/index.php?rest_route=\/wp\/v2\/types\/product"}],"wp:featuredmedia":[{"embeddable":true,"href":"https:\/\/identimax.com.py\/index.php?rest_route=\/wp\/v2\/media\/2913"}],"wp:attachment":[{"href":"https:\/\/identimax.com.py\/index.php?rest_route=%2Fwp%2Fv2%2Fmedia&parent=2531"}],"wp:term":[{"taxonomy":"product_brand","embeddable":true,"href":"https:\/\/identimax.com.py\/index.php?rest_route=%2Fwp%2Fv2%2Fproduct_brand&post=2531"},{"taxonomy":"product_cat","embeddable":true,"href":"https:\/\/identimax.com.py\/index.php?rest_route=%2Fwp%2Fv2%2Fproduct_cat&post=2531"},{"taxonomy":"product_tag","embeddable":true,"href":"https:\/\/identimax.com.py\/index.php?rest_route=%2Fwp%2Fv2%2Fproduct_tag&post=2531"}],"curies":[{"name":"wp","href":"https:\/\/api.w.org\/{rel}","templated":true}]}}