{"id":2506,"date":"2026-01-26T23:54:17","date_gmt":"2026-01-26T23:54:17","guid":{"rendered":"https:\/\/identimax.com.py\/index.php\/product\/impresora-de-escritorio-zebra-zd230\/"},"modified":"2026-01-28T22:26:50","modified_gmt":"2026-01-28T22:26:50","slug":"impresora-de-escritorio-zebra-zd230","status":"publish","type":"product","link":"https:\/\/identimax.com.py\/?product=impresora-de-escritorio-zebra-zd230","title":{"rendered":"Impresora de escritorio Zebra ZD230"},"content":{"rendered":"<p>Si tu volumen de impresi\u00f3n est\u00e1 creciendo, la ZD230 es tu compa\u00f1era ideal. Mantiene la simplicidad de la serie ZD200 pero agrega caracter\u00edsticas de modelos superiores, como la capacidad de usar bobinas de ribbon de 300 metros, reduciendo las paradas para recarga en un 75%.<\/p>\n<p>Ideal para etiquetado de inventario, trazabilidad de muestras y env\u00edos de paqueter\u00eda en PyMEs que necesitan un equipo que aguante el ritmo.<\/p>\n","protected":false},"excerpt":{"rendered":"<p><strong>M\u00e1s velocidad y opciones de conexi\u00f3n.<\/strong><br \/>\nUn paso arriba de la ZD220. La ZD230 imprime m\u00e1s r\u00e1pido (hasta 6 ips) y te permite elegir opciones con Wi-Fi o Bluetooth para instalarla donde quieras, sin cables. Adem\u00e1s, acepta rollos de cinta (ribbon) m\u00e1s grandes (300m), lo que significa menos cambios y m\u00e1s tiempo productivo.<\/p>\n","protected":false},"featured_media":2812,"template":"","meta":{"_joinchat":[]},"product_brand":[70],"product_cat":[78],"product_tag":[88],"class_list":{"0":"post-2506","1":"product","2":"type-product","3":"status-publish","4":"has-post-thumbnail","6":"product_brand-zebra","7":"product_cat-impresoras-de-etiquetas","8":"product_tag-zebra","10":"first","11":"instock","12":"shipping-taxable","13":"product-type-simple"},"_links":{"self":[{"href":"https:\/\/identimax.com.py\/index.php?rest_route=\/wp\/v2\/product\/2506","targetHints":{"allow":["GET"]}}],"collection":[{"href":"https:\/\/identimax.com.py\/index.php?rest_route=\/wp\/v2\/product"}],"about":[{"href":"https:\/\/identimax.com.py\/index.php?rest_route=\/wp\/v2\/types\/product"}],"wp:featuredmedia":[{"embeddable":true,"href":"https:\/\/identimax.com.py\/index.php?rest_route=\/wp\/v2\/media\/2812"}],"wp:attachment":[{"href":"https:\/\/identimax.com.py\/index.php?rest_route=%2Fwp%2Fv2%2Fmedia&parent=2506"}],"wp:term":[{"taxonomy":"product_brand","embeddable":true,"href":"https:\/\/identimax.com.py\/index.php?rest_route=%2Fwp%2Fv2%2Fproduct_brand&post=2506"},{"taxonomy":"product_cat","embeddable":true,"href":"https:\/\/identimax.com.py\/index.php?rest_route=%2Fwp%2Fv2%2Fproduct_cat&post=2506"},{"taxonomy":"product_tag","embeddable":true,"href":"https:\/\/identimax.com.py\/index.php?rest_route=%2Fwp%2Fv2%2Fproduct_tag&post=2506"}],"curies":[{"name":"wp","href":"https:\/\/api.w.org\/{rel}","templated":true}]}}