{"id":2502,"date":"2026-01-26T23:49:52","date_gmt":"2026-01-26T23:49:52","guid":{"rendered":"https:\/\/identimax.com.py\/index.php\/product\/impresora-industrial-honeywell-px940\/"},"modified":"2026-01-29T12:40:32","modified_gmt":"2026-01-29T12:40:32","slug":"impresora-industrial-honeywell-px940","status":"publish","type":"product","link":"https:\/\/identimax.com.py\/?product=impresora-industrial-honeywell-px940","title":{"rendered":"Impresora industrial Honeywell PX940"},"content":{"rendered":"<p>Desarrollada para industrias con regulaciones estrictas como la automotriz, farmac\u00e9utica y log\u00edstica de retail. La PX940 garantiza que cada etiqueta sea 100% legible y cumpla con los est\u00e1ndares ANSI.<\/p>\n<p>Adem\u00e1s de su capacidad de verificaci\u00f3n, es una impresora de ultra alto rendimiento, capaz de imprimir con una precisi\u00f3n de registro extrema de +\/- 0.2 mm, eliminando el desperdicio de etiquetas peque\u00f1as.<\/p>\n","protected":false},"excerpt":{"rendered":"<p><strong>Impresi\u00f3n perfecta, siempre. Verificador integrado opcional.<\/strong><br \/>\nOlvidate de las multas por c\u00f3digos de barras ilegibles. La PX940 puede venir con un verificador integrado que escanea cada etiqueta al imprimirla y, si est\u00e1 mal, la anula y la reimprime autom\u00e1ticamente. Precisi\u00f3n absoluta.<\/p>\n","protected":false},"featured_media":2848,"template":"","meta":{"_joinchat":[]},"product_brand":[92],"product_cat":[78],"product_tag":[91],"class_list":{"0":"post-2502","1":"product","2":"type-product","3":"status-publish","4":"has-post-thumbnail","6":"product_brand-honeywell","7":"product_cat-impresoras-de-etiquetas","8":"product_tag-honeywell","10":"first","11":"instock","12":"shipping-taxable","13":"product-type-simple"},"_links":{"self":[{"href":"https:\/\/identimax.com.py\/index.php?rest_route=\/wp\/v2\/product\/2502","targetHints":{"allow":["GET"]}}],"collection":[{"href":"https:\/\/identimax.com.py\/index.php?rest_route=\/wp\/v2\/product"}],"about":[{"href":"https:\/\/identimax.com.py\/index.php?rest_route=\/wp\/v2\/types\/product"}],"wp:featuredmedia":[{"embeddable":true,"href":"https:\/\/identimax.com.py\/index.php?rest_route=\/wp\/v2\/media\/2848"}],"wp:attachment":[{"href":"https:\/\/identimax.com.py\/index.php?rest_route=%2Fwp%2Fv2%2Fmedia&parent=2502"}],"wp:term":[{"taxonomy":"product_brand","embeddable":true,"href":"https:\/\/identimax.com.py\/index.php?rest_route=%2Fwp%2Fv2%2Fproduct_brand&post=2502"},{"taxonomy":"product_cat","embeddable":true,"href":"https:\/\/identimax.com.py\/index.php?rest_route=%2Fwp%2Fv2%2Fproduct_cat&post=2502"},{"taxonomy":"product_tag","embeddable":true,"href":"https:\/\/identimax.com.py\/index.php?rest_route=%2Fwp%2Fv2%2Fproduct_tag&post=2502"}],"curies":[{"name":"wp","href":"https:\/\/api.w.org\/{rel}","templated":true}]}}