{"id":2497,"date":"2026-01-26T23:49:51","date_gmt":"2026-01-26T23:49:51","guid":{"rendered":"https:\/\/identimax.com.py\/index.php\/product\/impresora-industrial-zebra-zt411-zt421\/"},"modified":"2026-01-29T12:51:12","modified_gmt":"2026-01-29T12:51:12","slug":"impresora-industrial-zebra-zt411-zt421","status":"publish","type":"product","link":"https:\/\/identimax.com.py\/?product=impresora-industrial-zebra-zt411-zt421","title":{"rendered":"Impresora industrial Zebra ZT411\/ZT421"},"content":{"rendered":"<p>La ZT411 (4 pulgadas) y la ZT421 (6 pulgadas) son las impresoras m\u00e1s vendidas de su clase por una raz\u00f3n: son caballos de batalla. Integran tecnolog\u00eda avanzada como detecci\u00f3n de cabezal y una pantalla t\u00e1ctil a color para alertas de estado en tiempo real.<\/p>\n<p>Son perfectas para centros de distribuci\u00f3n, l\u00edneas de producci\u00f3n y env\u00edos. Adem\u00e1s, cuentan con dos ranuras USB Host para conectar teclados o esc\u00e1neres directamente, permitiendo soluciones de impresi\u00f3n independientes (sin PC).<\/p>\n","protected":false},"excerpt":{"rendered":"<p><strong>El est\u00e1ndar de la industria. Rendimiento y versatilidad puros.<\/strong><br \/>\nCuando pens\u00e1s en una impresora industrial, pens\u00e1s en la Serie ZT400. Construida con un marco totalmente met\u00e1lico y puerta plegable, est\u00e1 dise\u00f1ada para a\u00f1os de servicio en entornos dif\u00edciles. Si tu operaci\u00f3n no puede parar, esta es tu impresora.<\/p>\n","protected":false},"featured_media":2854,"template":"","meta":{"_joinchat":[]},"product_brand":[70],"product_cat":[78],"product_tag":[88],"class_list":{"0":"post-2497","1":"product","2":"type-product","3":"status-publish","4":"has-post-thumbnail","6":"product_brand-zebra","7":"product_cat-impresoras-de-etiquetas","8":"product_tag-zebra","10":"first","11":"instock","12":"shipping-taxable","13":"product-type-simple"},"_links":{"self":[{"href":"https:\/\/identimax.com.py\/index.php?rest_route=\/wp\/v2\/product\/2497","targetHints":{"allow":["GET"]}}],"collection":[{"href":"https:\/\/identimax.com.py\/index.php?rest_route=\/wp\/v2\/product"}],"about":[{"href":"https:\/\/identimax.com.py\/index.php?rest_route=\/wp\/v2\/types\/product"}],"wp:featuredmedia":[{"embeddable":true,"href":"https:\/\/identimax.com.py\/index.php?rest_route=\/wp\/v2\/media\/2854"}],"wp:attachment":[{"href":"https:\/\/identimax.com.py\/index.php?rest_route=%2Fwp%2Fv2%2Fmedia&parent=2497"}],"wp:term":[{"taxonomy":"product_brand","embeddable":true,"href":"https:\/\/identimax.com.py\/index.php?rest_route=%2Fwp%2Fv2%2Fproduct_brand&post=2497"},{"taxonomy":"product_cat","embeddable":true,"href":"https:\/\/identimax.com.py\/index.php?rest_route=%2Fwp%2Fv2%2Fproduct_cat&post=2497"},{"taxonomy":"product_tag","embeddable":true,"href":"https:\/\/identimax.com.py\/index.php?rest_route=%2Fwp%2Fv2%2Fproduct_tag&post=2497"}],"curies":[{"name":"wp","href":"https:\/\/api.w.org\/{rel}","templated":true}]}}