{"id":2492,"date":"2026-01-26T23:41:31","date_gmt":"2026-01-26T23:41:31","guid":{"rendered":"https:\/\/identimax.com.py\/index.php\/product\/base-rfid-zebra-rfd90\/"},"modified":"2026-02-02T22:39:11","modified_gmt":"2026-02-02T22:39:11","slug":"base-rfid-zebra-rfd90","status":"publish","type":"product","link":"https:\/\/identimax.com.py\/?product=base-rfid-zebra-rfd90","title":{"rendered":"Base RFID Zebra RFD90"},"content":{"rendered":"<p>Construida para durar. La RFD90 est\u00e1 dise\u00f1ada para acompa\u00f1ar a tus equipos m\u00e1s duros en los peores entornos. Con sellado IP67, pod\u00e9s sumergirla en agua y no le pasa nada. Es ideal para la industria del petr\u00f3leo, ganader\u00eda, transporte y log\u00edstica pesada.<\/p>\n<p>Ofrece opciones de conectividad vers\u00e1tiles: pod\u00e9s usarla conectada f\u00edsicamente a una terminal Zebra (para un equipo de una sola pieza) o v\u00eda Bluetooth 5.3 para conectarla a cualquier dispositivo, incluso tablets o smartphones de terceros.<\/p>\n","protected":false},"excerpt":{"rendered":"<p><strong>El Sled RFID m\u00e1s robusto para entornos extremos.<\/strong><br \/>\nSi la RFD40 es potente, la RFD90 es indestructible. Dise\u00f1ada para acoplarse a las computadoras ultra-rugged de Zebra (como la TC7X). Soporta ca\u00eddas, agua, polvo y calor extremo. Es la herramienta definitiva para RFID en campo.<\/p>\n","protected":false},"featured_media":3052,"template":"","meta":{"_joinchat":[]},"product_brand":[70],"product_cat":[80],"product_tag":[88],"class_list":{"0":"post-2492","1":"product","2":"type-product","3":"status-publish","4":"has-post-thumbnail","6":"product_brand-zebra","7":"product_cat-rfid","8":"product_tag-zebra","10":"first","11":"instock","12":"shipping-taxable","13":"product-type-simple"},"_links":{"self":[{"href":"https:\/\/identimax.com.py\/index.php?rest_route=\/wp\/v2\/product\/2492","targetHints":{"allow":["GET"]}}],"collection":[{"href":"https:\/\/identimax.com.py\/index.php?rest_route=\/wp\/v2\/product"}],"about":[{"href":"https:\/\/identimax.com.py\/index.php?rest_route=\/wp\/v2\/types\/product"}],"wp:featuredmedia":[{"embeddable":true,"href":"https:\/\/identimax.com.py\/index.php?rest_route=\/wp\/v2\/media\/3052"}],"wp:attachment":[{"href":"https:\/\/identimax.com.py\/index.php?rest_route=%2Fwp%2Fv2%2Fmedia&parent=2492"}],"wp:term":[{"taxonomy":"product_brand","embeddable":true,"href":"https:\/\/identimax.com.py\/index.php?rest_route=%2Fwp%2Fv2%2Fproduct_brand&post=2492"},{"taxonomy":"product_cat","embeddable":true,"href":"https:\/\/identimax.com.py\/index.php?rest_route=%2Fwp%2Fv2%2Fproduct_cat&post=2492"},{"taxonomy":"product_tag","embeddable":true,"href":"https:\/\/identimax.com.py\/index.php?rest_route=%2Fwp%2Fv2%2Fproduct_tag&post=2492"}],"curies":[{"name":"wp","href":"https:\/\/api.w.org\/{rel}","templated":true}]}}