{"id":2468,"date":"2026-01-26T23:27:59","date_gmt":"2026-01-26T23:27:59","guid":{"rendered":"https:\/\/identimax.com.py\/index.php\/product\/zebra-vs70\/"},"modified":"2026-02-10T21:18:38","modified_gmt":"2026-02-10T21:18:38","slug":"zebra-vs70","status":"publish","type":"product","link":"https:\/\/identimax.com.py\/?product=zebra-vs70","title":{"rendered":"Sensor Inteligente Zebra VS70"},"content":{"rendered":"<ul>\n<li><b>Flexibilidad total:<\/b> Compatible con lentes y luces C-mount est\u00e1ndar.<\/li>\n<li><b>Inspecci\u00f3n avanzada:<\/b> Detecta defectos, mide y verifica ensamblajes.<\/li>\n<li><b>Plataforma unificada:<\/b> Se programa f\u00e1cil con Zebra Aurora.<\/li>\n<\/ul>\n","protected":false},"excerpt":{"rendered":"<p><strong>C\u00e1mara inteligente para inspecci\u00f3n de calidad compleja.<\/strong><br \/>\nLa VS70 lleva la visi\u00f3n artificial al siguiente nivel. Dise\u00f1ada para inspecciones de calidad detalladas en l\u00edneas de producci\u00f3n r\u00e1pidas. Al igual que el FS70, permite usar lentes y luces externas para adaptarse a cualquier desaf\u00edo de visi\u00f3n, desde verificar etiquetas hasta medir piezas.<\/p>\n","protected":false},"featured_media":3177,"template":"","meta":{"_joinchat":[]},"product_brand":[70],"product_cat":[83],"product_tag":[88],"class_list":{"0":"post-2468","1":"product","2":"type-product","3":"status-publish","4":"has-post-thumbnail","6":"product_brand-zebra","7":"product_cat-machine-vision","8":"product_tag-zebra","10":"first","11":"instock","12":"shipping-taxable","13":"product-type-simple"},"_links":{"self":[{"href":"https:\/\/identimax.com.py\/index.php?rest_route=\/wp\/v2\/product\/2468","targetHints":{"allow":["GET"]}}],"collection":[{"href":"https:\/\/identimax.com.py\/index.php?rest_route=\/wp\/v2\/product"}],"about":[{"href":"https:\/\/identimax.com.py\/index.php?rest_route=\/wp\/v2\/types\/product"}],"wp:featuredmedia":[{"embeddable":true,"href":"https:\/\/identimax.com.py\/index.php?rest_route=\/wp\/v2\/media\/3177"}],"wp:attachment":[{"href":"https:\/\/identimax.com.py\/index.php?rest_route=%2Fwp%2Fv2%2Fmedia&parent=2468"}],"wp:term":[{"taxonomy":"product_brand","embeddable":true,"href":"https:\/\/identimax.com.py\/index.php?rest_route=%2Fwp%2Fv2%2Fproduct_brand&post=2468"},{"taxonomy":"product_cat","embeddable":true,"href":"https:\/\/identimax.com.py\/index.php?rest_route=%2Fwp%2Fv2%2Fproduct_cat&post=2468"},{"taxonomy":"product_tag","embeddable":true,"href":"https:\/\/identimax.com.py\/index.php?rest_route=%2Fwp%2Fv2%2Fproduct_tag&post=2468"}],"curies":[{"name":"wp","href":"https:\/\/api.w.org\/{rel}","templated":true}]}}