{"id":2467,"date":"2026-01-26T23:27:58","date_gmt":"2026-01-26T23:27:58","guid":{"rendered":"https:\/\/identimax.com.py\/index.php\/product\/zebra-vs40\/"},"modified":"2026-02-10T21:59:14","modified_gmt":"2026-02-10T21:59:14","slug":"zebra-vs40","status":"publish","type":"product","link":"https:\/\/identimax.com.py\/?product=zebra-vs40","title":{"rendered":"Sensor inteligente Zebra VS40"},"content":{"rendered":"<ul>\n<li><b>Todo integrado:<\/b> Lentes, luces y procesador en una sola unidad.<\/li>\n<li><b>Potencia:<\/b> Herramientas avanzadas de OCR y medici\u00f3n.<\/li>\n<li><b>Flexibilidad:<\/b> Filtros de iluminaci\u00f3n intercambiables en campo.<\/li>\n<\/ul>\n","protected":false},"excerpt":{"rendered":"<p><strong>Visi\u00f3n artificial avanzada en un paquete todo-en-uno.<\/strong><br \/>\nLa VS40 ofrece un campo de visi\u00f3n m\u00e1s amplio y herramientas de visi\u00f3n m\u00e1s potentes que la VS20. Es la soluci\u00f3n ideal para inspecciones complejas en l\u00edneas de producci\u00f3n donde necesit\u00e1s verificar m\u00faltiples puntos de inter\u00e9s en una sola imagen.<\/p>\n","protected":false},"featured_media":3200,"template":"","meta":{"_joinchat":[]},"product_brand":[70],"product_cat":[83],"product_tag":[88],"class_list":{"0":"post-2467","1":"product","2":"type-product","3":"status-publish","4":"has-post-thumbnail","6":"product_brand-zebra","7":"product_cat-machine-vision","8":"product_tag-zebra","10":"first","11":"instock","12":"shipping-taxable","13":"product-type-simple"},"_links":{"self":[{"href":"https:\/\/identimax.com.py\/index.php?rest_route=\/wp\/v2\/product\/2467","targetHints":{"allow":["GET"]}}],"collection":[{"href":"https:\/\/identimax.com.py\/index.php?rest_route=\/wp\/v2\/product"}],"about":[{"href":"https:\/\/identimax.com.py\/index.php?rest_route=\/wp\/v2\/types\/product"}],"wp:featuredmedia":[{"embeddable":true,"href":"https:\/\/identimax.com.py\/index.php?rest_route=\/wp\/v2\/media\/3200"}],"wp:attachment":[{"href":"https:\/\/identimax.com.py\/index.php?rest_route=%2Fwp%2Fv2%2Fmedia&parent=2467"}],"wp:term":[{"taxonomy":"product_brand","embeddable":true,"href":"https:\/\/identimax.com.py\/index.php?rest_route=%2Fwp%2Fv2%2Fproduct_brand&post=2467"},{"taxonomy":"product_cat","embeddable":true,"href":"https:\/\/identimax.com.py\/index.php?rest_route=%2Fwp%2Fv2%2Fproduct_cat&post=2467"},{"taxonomy":"product_tag","embeddable":true,"href":"https:\/\/identimax.com.py\/index.php?rest_route=%2Fwp%2Fv2%2Fproduct_tag&post=2467"}],"curies":[{"name":"wp","href":"https:\/\/api.w.org\/{rel}","templated":true}]}}