{"id":2465,"date":"2026-01-26T23:27:58","date_gmt":"2026-01-26T23:27:58","guid":{"rendered":"https:\/\/identimax.com.py\/index.php\/product\/zebra-fs70\/"},"modified":"2026-02-10T21:50:08","modified_gmt":"2026-02-10T21:50:08","slug":"zebra-fs70","status":"publish","type":"product","link":"https:\/\/identimax.com.py\/?product=zebra-fs70","title":{"rendered":"Escaner fijo industrial Zebra FS70"},"content":{"rendered":"<ul>\n<li><b>Personalizable:<\/b> Us\u00e1 cualquier lente o luz C-mount del mercado.<\/li>\n<li><b>Potencia pura:<\/b> Lee c\u00f3digos dif\u00edciles a alta velocidad.<\/li>\n<li><b>Evolutivo:<\/b> Actualizalo a c\u00e1mara de visi\u00f3n (VS) con una licencia.<\/li>\n<\/ul>\n","protected":false},"excerpt":{"rendered":"<p><strong>El esc\u00e1ner fijo industrial totalmente personalizable.<\/strong><br \/>\nCuando necesit\u00e1s leer c\u00f3digos en l\u00edneas de alta velocidad o con requisitos muy espec\u00edficos, el FS70 es la soluci\u00f3n. Permite usar lentes, filtros e iluminaci\u00f3n externa est\u00e1ndar C-mount, d\u00e1ndote la flexibilidad de una c\u00e1mara personalizada con la potencia de Zebra Aurora.<\/p>\n","protected":false},"featured_media":3191,"template":"","meta":{"_joinchat":[]},"product_brand":[70],"product_cat":[83],"product_tag":[88],"class_list":{"0":"post-2465","1":"product","2":"type-product","3":"status-publish","4":"has-post-thumbnail","6":"product_brand-zebra","7":"product_cat-machine-vision","8":"product_tag-zebra","10":"first","11":"instock","12":"shipping-taxable","13":"product-type-simple"},"_links":{"self":[{"href":"https:\/\/identimax.com.py\/index.php?rest_route=\/wp\/v2\/product\/2465","targetHints":{"allow":["GET"]}}],"collection":[{"href":"https:\/\/identimax.com.py\/index.php?rest_route=\/wp\/v2\/product"}],"about":[{"href":"https:\/\/identimax.com.py\/index.php?rest_route=\/wp\/v2\/types\/product"}],"wp:featuredmedia":[{"embeddable":true,"href":"https:\/\/identimax.com.py\/index.php?rest_route=\/wp\/v2\/media\/3191"}],"wp:attachment":[{"href":"https:\/\/identimax.com.py\/index.php?rest_route=%2Fwp%2Fv2%2Fmedia&parent=2465"}],"wp:term":[{"taxonomy":"product_brand","embeddable":true,"href":"https:\/\/identimax.com.py\/index.php?rest_route=%2Fwp%2Fv2%2Fproduct_brand&post=2465"},{"taxonomy":"product_cat","embeddable":true,"href":"https:\/\/identimax.com.py\/index.php?rest_route=%2Fwp%2Fv2%2Fproduct_cat&post=2465"},{"taxonomy":"product_tag","embeddable":true,"href":"https:\/\/identimax.com.py\/index.php?rest_route=%2Fwp%2Fv2%2Fproduct_tag&post=2465"}],"curies":[{"name":"wp","href":"https:\/\/api.w.org\/{rel}","templated":true}]}}