{"id":2463,"date":"2026-01-26T23:27:58","date_gmt":"2026-01-26T23:27:58","guid":{"rendered":"https:\/\/identimax.com.py\/index.php\/product\/zebra-fs20\/"},"modified":"2026-02-10T21:25:45","modified_gmt":"2026-02-10T21:25:45","slug":"zebra-fs20","status":"publish","type":"product","link":"https:\/\/identimax.com.py\/?product=zebra-fs20","title":{"rendered":"Escaner fijo industrial Zebra FS20"},"content":{"rendered":"<ul>\n<li><b>Conectado:<\/b> Puerto Ethernet para integraci\u00f3n en red (PLC\/Host).<\/li>\n<li><b>Vers\u00e1til:<\/b> Lentes e iluminaci\u00f3n integrados para f\u00e1cil montaje.<\/li>\n<li><b>Power over Ethernet:<\/b> Datos y energ\u00eda en un solo cable (PoE).<\/li>\n<\/ul>\n","protected":false},"excerpt":{"rendered":"<p><strong>Esc\u00e1ner industrial con conectividad de red.<\/strong><br \/>\nUn paso m\u00e1s all\u00e1 del FS10. El FS20 agrega conexi\u00f3n Ethernet, lo que te permite integrarlo a la red de tu f\u00e1brica o dep\u00f3sito para gestionar datos de trazabilidad en tiempo real. Robusto, compacto y listo para trabajar en la l\u00ednea.<\/p>\n","protected":false},"featured_media":3184,"template":"","meta":{"_joinchat":[]},"product_brand":[70],"product_cat":[83],"product_tag":[88],"class_list":{"0":"post-2463","1":"product","2":"type-product","3":"status-publish","4":"has-post-thumbnail","6":"product_brand-zebra","7":"product_cat-machine-vision","8":"product_tag-zebra","10":"first","11":"instock","12":"shipping-taxable","13":"product-type-simple"},"_links":{"self":[{"href":"https:\/\/identimax.com.py\/index.php?rest_route=\/wp\/v2\/product\/2463","targetHints":{"allow":["GET"]}}],"collection":[{"href":"https:\/\/identimax.com.py\/index.php?rest_route=\/wp\/v2\/product"}],"about":[{"href":"https:\/\/identimax.com.py\/index.php?rest_route=\/wp\/v2\/types\/product"}],"wp:featuredmedia":[{"embeddable":true,"href":"https:\/\/identimax.com.py\/index.php?rest_route=\/wp\/v2\/media\/3184"}],"wp:attachment":[{"href":"https:\/\/identimax.com.py\/index.php?rest_route=%2Fwp%2Fv2%2Fmedia&parent=2463"}],"wp:term":[{"taxonomy":"product_brand","embeddable":true,"href":"https:\/\/identimax.com.py\/index.php?rest_route=%2Fwp%2Fv2%2Fproduct_brand&post=2463"},{"taxonomy":"product_cat","embeddable":true,"href":"https:\/\/identimax.com.py\/index.php?rest_route=%2Fwp%2Fv2%2Fproduct_cat&post=2463"},{"taxonomy":"product_tag","embeddable":true,"href":"https:\/\/identimax.com.py\/index.php?rest_route=%2Fwp%2Fv2%2Fproduct_tag&post=2463"}],"curies":[{"name":"wp","href":"https:\/\/api.w.org\/{rel}","templated":true}]}}