{"id":2458,"date":"2026-01-26T23:17:23","date_gmt":"2026-01-26T23:17:23","guid":{"rendered":"https:\/\/identimax.com.py\/index.php\/product\/honeywell-voyager-1470g\/"},"modified":"2026-01-29T22:24:19","modified_gmt":"2026-01-29T22:24:19","slug":"honeywell-voyager-1470g","status":"publish","type":"product","link":"https:\/\/identimax.com.py\/?product=honeywell-voyager-1470g","title":{"rendered":"Lector de mano Honeywell Voyager 1470G"},"content":{"rendered":"<ul>\n<li><b>Lectura precisa:<\/b> Lee c\u00f3digos dif\u00edciles, borrosos o da\u00f1ados.<\/li>\n<li><b>Alcance extendido:<\/b> Llega al fondo del carrito sin estirarse tanto.<\/li>\n<li><b>Durabilidad:<\/b> Construido para aguantar el trato diario.<\/li>\n<\/ul>\n","protected":false},"excerpt":{"rendered":"<p><strong>El caballo de batalla del retail. Durabilidad y precisi\u00f3n.<\/strong><br \/>\nEl Voyager 1470g es famoso por leer c\u00f3digos de barras da\u00f1ados o de mala calidad mejor que nadie. Dise\u00f1ado para el uso rudo del d\u00eda a d\u00eda en tiendas, garantiza que tus l\u00edneas de caja no se detengan.<\/p>\n","protected":false},"featured_media":2949,"template":"","meta":{"_joinchat":[]},"product_brand":[92],"product_cat":[75],"product_tag":[91],"class_list":{"0":"post-2458","1":"product","2":"type-product","3":"status-publish","4":"has-post-thumbnail","6":"product_brand-honeywell","7":"product_cat-lectores-capturadores","8":"product_tag-honeywell","10":"first","11":"instock","12":"shipping-taxable","13":"product-type-simple"},"_links":{"self":[{"href":"https:\/\/identimax.com.py\/index.php?rest_route=\/wp\/v2\/product\/2458","targetHints":{"allow":["GET"]}}],"collection":[{"href":"https:\/\/identimax.com.py\/index.php?rest_route=\/wp\/v2\/product"}],"about":[{"href":"https:\/\/identimax.com.py\/index.php?rest_route=\/wp\/v2\/types\/product"}],"wp:featuredmedia":[{"embeddable":true,"href":"https:\/\/identimax.com.py\/index.php?rest_route=\/wp\/v2\/media\/2949"}],"wp:attachment":[{"href":"https:\/\/identimax.com.py\/index.php?rest_route=%2Fwp%2Fv2%2Fmedia&parent=2458"}],"wp:term":[{"taxonomy":"product_brand","embeddable":true,"href":"https:\/\/identimax.com.py\/index.php?rest_route=%2Fwp%2Fv2%2Fproduct_brand&post=2458"},{"taxonomy":"product_cat","embeddable":true,"href":"https:\/\/identimax.com.py\/index.php?rest_route=%2Fwp%2Fv2%2Fproduct_cat&post=2458"},{"taxonomy":"product_tag","embeddable":true,"href":"https:\/\/identimax.com.py\/index.php?rest_route=%2Fwp%2Fv2%2Fproduct_tag&post=2458"}],"curies":[{"name":"wp","href":"https:\/\/api.w.org\/{rel}","templated":true}]}}