{"id":2456,"date":"2026-01-26T23:17:23","date_gmt":"2026-01-26T23:17:23","guid":{"rendered":"https:\/\/identimax.com.py\/index.php\/product\/li3600\/"},"modified":"2026-01-29T22:08:07","modified_gmt":"2026-01-29T22:08:07","slug":"li3600","status":"publish","type":"product","link":"https:\/\/identimax.com.py\/?product=li3600","title":{"rendered":"Lectores industriales Zebra LI3600"},"content":{"rendered":"<ul>\n<li><b>Rendimiento lineal:<\/b> Lectura 1D superior y r\u00e1pida.<\/li>\n<li><b>Durabilidad extrema:<\/b> Construcci\u00f3n pr\u00e1cticamente indestructible.<\/li>\n<li><b>Alcance:<\/b> Lee c\u00f3digos m\u00e1s lejos que un l\u00e1ser tradicional.<\/li>\n<\/ul>\n","protected":false},"excerpt":{"rendered":"<p><strong>Robustez extrema para c\u00f3digos de barras 1D.<\/strong><br \/>\nToda la durabilidad de la serie 3600, pero optimizada para lectura lineal (1D). Ideal para env\u00edo y recepci\u00f3n en andenes de carga donde la velocidad y la resistencia son lo \u00fanico que importa. Lee c\u00f3digos a trav\u00e9s del retractilado.<\/p>\n","protected":false},"featured_media":2939,"template":"","meta":{"_joinchat":[]},"product_brand":[70],"product_cat":[75],"product_tag":[88],"class_list":{"0":"post-2456","1":"product","2":"type-product","3":"status-publish","4":"has-post-thumbnail","6":"product_brand-zebra","7":"product_cat-lectores-capturadores","8":"product_tag-zebra","10":"first","11":"instock","12":"shipping-taxable","13":"product-type-simple"},"_links":{"self":[{"href":"https:\/\/identimax.com.py\/index.php?rest_route=\/wp\/v2\/product\/2456","targetHints":{"allow":["GET"]}}],"collection":[{"href":"https:\/\/identimax.com.py\/index.php?rest_route=\/wp\/v2\/product"}],"about":[{"href":"https:\/\/identimax.com.py\/index.php?rest_route=\/wp\/v2\/types\/product"}],"wp:featuredmedia":[{"embeddable":true,"href":"https:\/\/identimax.com.py\/index.php?rest_route=\/wp\/v2\/media\/2939"}],"wp:attachment":[{"href":"https:\/\/identimax.com.py\/index.php?rest_route=%2Fwp%2Fv2%2Fmedia&parent=2456"}],"wp:term":[{"taxonomy":"product_brand","embeddable":true,"href":"https:\/\/identimax.com.py\/index.php?rest_route=%2Fwp%2Fv2%2Fproduct_brand&post=2456"},{"taxonomy":"product_cat","embeddable":true,"href":"https:\/\/identimax.com.py\/index.php?rest_route=%2Fwp%2Fv2%2Fproduct_cat&post=2456"},{"taxonomy":"product_tag","embeddable":true,"href":"https:\/\/identimax.com.py\/index.php?rest_route=%2Fwp%2Fv2%2Fproduct_tag&post=2456"}],"curies":[{"name":"wp","href":"https:\/\/api.w.org\/{rel}","templated":true}]}}