{"id":2441,"date":"2026-01-26T23:11:04","date_gmt":"2026-01-26T23:11:04","guid":{"rendered":"https:\/\/identimax.com.py\/index.php\/product\/zebra-et60-65\/"},"modified":"2026-02-09T20:11:07","modified_gmt":"2026-02-09T20:11:07","slug":"zebra-et60-65","status":"publish","type":"product","link":"https:\/\/identimax.com.py\/?product=zebra-et60-65","title":{"rendered":"Tablets Zebra ET60\/65"},"content":{"rendered":"<ul>\n<li><b>Versatilidad total:<\/b> Usala como tablet, en veh\u00edculo o como laptop.<\/li>\n<li><b>Resistencia extrema:<\/b> Probada para vibraciones, golpes y fr\u00edo.<\/li>\n<li><b>Conectividad:<\/b> Wi-Fi 6E y 5G para datos r\u00e1pidos.<\/li>\n<\/ul>\n","protected":false},"excerpt":{"rendered":"<p><strong>La tablet industrial m\u00e1s vers\u00e1til del mercado.<\/strong><br \/>\nYa sea en un montacargas o en la mano, la ET60\/65 est\u00e1 lista para el trabajo m\u00e1s pesado. Se transforma de tablet a laptop en segundos con su teclado snap-on, brind\u00e1ndote flexibilidad total para dep\u00f3sitos y manufactura.<\/p>\n","protected":false},"featured_media":3133,"template":"","meta":{"_joinchat":[]},"product_brand":[70],"product_cat":[82],"product_tag":[88],"class_list":{"0":"post-2441","1":"product","2":"type-product","3":"status-publish","4":"has-post-thumbnail","6":"product_brand-zebra","7":"product_cat-tablets","8":"product_tag-zebra","10":"first","11":"instock","12":"shipping-taxable","13":"product-type-simple"},"_links":{"self":[{"href":"https:\/\/identimax.com.py\/index.php?rest_route=\/wp\/v2\/product\/2441","targetHints":{"allow":["GET"]}}],"collection":[{"href":"https:\/\/identimax.com.py\/index.php?rest_route=\/wp\/v2\/product"}],"about":[{"href":"https:\/\/identimax.com.py\/index.php?rest_route=\/wp\/v2\/types\/product"}],"wp:featuredmedia":[{"embeddable":true,"href":"https:\/\/identimax.com.py\/index.php?rest_route=\/wp\/v2\/media\/3133"}],"wp:attachment":[{"href":"https:\/\/identimax.com.py\/index.php?rest_route=%2Fwp%2Fv2%2Fmedia&parent=2441"}],"wp:term":[{"taxonomy":"product_brand","embeddable":true,"href":"https:\/\/identimax.com.py\/index.php?rest_route=%2Fwp%2Fv2%2Fproduct_brand&post=2441"},{"taxonomy":"product_cat","embeddable":true,"href":"https:\/\/identimax.com.py\/index.php?rest_route=%2Fwp%2Fv2%2Fproduct_cat&post=2441"},{"taxonomy":"product_tag","embeddable":true,"href":"https:\/\/identimax.com.py\/index.php?rest_route=%2Fwp%2Fv2%2Fproduct_tag&post=2441"}],"curies":[{"name":"wp","href":"https:\/\/api.w.org\/{rel}","templated":true}]}}