{"id":2429,"date":"2026-01-26T23:01:49","date_gmt":"2026-01-26T23:01:49","guid":{"rendered":"https:\/\/identimax.com.py\/index.php\/product\/zebra-hd4000\/"},"modified":"2026-01-28T15:22:10","modified_gmt":"2026-01-28T15:22:10","slug":"zebra-hd4000","status":"publish","type":"product","link":"https:\/\/identimax.com.py\/?product=zebra-hd4000","title":{"rendered":"ZEBRA HD4000"},"content":{"rendered":"<ul>\n<li><b>Realidad Aumentada:<\/b> Flujos de trabajo guiados visualmente.<\/li>\n<li><b>Eficiencia:<\/b> Informaci\u00f3n manos libres en tiempo real.<\/li>\n<li><b>Ligereza:<\/b> Menos de 30g para uso continuo.<\/li>\n<\/ul>\n","protected":false},"excerpt":{"rendered":"<p><strong>Informaci\u00f3n visual en tiempo real.<\/strong><br \/>\nLentes inteligentes de clase empresarial que proyectan instrucciones (flechas, ubicaciones, cantidades) directamente en el campo de visi\u00f3n del usuario. Optimiz\u00e1 tus flujos de trabajo guiados sin que el operario desv\u00ede la vista de la tarea.<\/p>\n","protected":false},"featured_media":2744,"template":"","meta":{"_joinchat":[]},"product_brand":[70],"product_cat":[81],"product_tag":[88],"class_list":{"0":"post-2429","1":"product","2":"type-product","3":"status-publish","4":"has-post-thumbnail","6":"product_brand-zebra","7":"product_cat-computo-movil","8":"product_tag-zebra","10":"first","11":"instock","12":"shipping-taxable","13":"product-type-simple"},"_links":{"self":[{"href":"https:\/\/identimax.com.py\/index.php?rest_route=\/wp\/v2\/product\/2429","targetHints":{"allow":["GET"]}}],"collection":[{"href":"https:\/\/identimax.com.py\/index.php?rest_route=\/wp\/v2\/product"}],"about":[{"href":"https:\/\/identimax.com.py\/index.php?rest_route=\/wp\/v2\/types\/product"}],"wp:featuredmedia":[{"embeddable":true,"href":"https:\/\/identimax.com.py\/index.php?rest_route=\/wp\/v2\/media\/2744"}],"wp:attachment":[{"href":"https:\/\/identimax.com.py\/index.php?rest_route=%2Fwp%2Fv2%2Fmedia&parent=2429"}],"wp:term":[{"taxonomy":"product_brand","embeddable":true,"href":"https:\/\/identimax.com.py\/index.php?rest_route=%2Fwp%2Fv2%2Fproduct_brand&post=2429"},{"taxonomy":"product_cat","embeddable":true,"href":"https:\/\/identimax.com.py\/index.php?rest_route=%2Fwp%2Fv2%2Fproduct_cat&post=2429"},{"taxonomy":"product_tag","embeddable":true,"href":"https:\/\/identimax.com.py\/index.php?rest_route=%2Fwp%2Fv2%2Fproduct_tag&post=2429"}],"curies":[{"name":"wp","href":"https:\/\/api.w.org\/{rel}","templated":true}]}}