{"id":2428,"date":"2026-01-26T23:01:49","date_gmt":"2026-01-26T23:01:49","guid":{"rendered":"https:\/\/identimax.com.py\/index.php\/product\/zebra-ws50\/"},"modified":"2026-01-28T20:48:47","modified_gmt":"2026-01-28T20:48:47","slug":"zebra-ws50","status":"publish","type":"product","link":"https:\/\/identimax.com.py\/?product=zebra-ws50","title":{"rendered":"ZEBRA WS50"},"content":{"rendered":"<ul>\n<li><b>All-in-One:<\/b> Sin necesidad de cables ni perif\u00e9ricos extra.<\/li>\n<li><b>Ultra Compacta:<\/b> M\u00e1xima portabilidad.<\/li>\n<li><b>Flexible:<\/b> M\u00faltiples opciones de montaje.<\/li>\n<\/ul>\n","protected":false},"excerpt":{"rendered":"<p><strong>El dispositivo &#8216;Todo en Uno&#8217; m\u00e1s compacto.<\/strong><br \/>\nIntegra pantalla, esc\u00e1ner, bater\u00eda y procesador en un formato ultra-reducido. Su versatilidad permite usarlo en la mu\u00f1eca, en el dorso de la mano o con clip, ideal para tareas \u00e1giles que requieren movilidad total.<\/p>\n","protected":false},"featured_media":2786,"template":"","meta":{"_joinchat":[]},"product_brand":[70],"product_cat":[81],"product_tag":[88],"class_list":{"0":"post-2428","1":"product","2":"type-product","3":"status-publish","4":"has-post-thumbnail","6":"product_brand-zebra","7":"product_cat-computo-movil","8":"product_tag-zebra","10":"first","11":"instock","12":"shipping-taxable","13":"product-type-simple"},"_links":{"self":[{"href":"https:\/\/identimax.com.py\/index.php?rest_route=\/wp\/v2\/product\/2428","targetHints":{"allow":["GET"]}}],"collection":[{"href":"https:\/\/identimax.com.py\/index.php?rest_route=\/wp\/v2\/product"}],"about":[{"href":"https:\/\/identimax.com.py\/index.php?rest_route=\/wp\/v2\/types\/product"}],"wp:featuredmedia":[{"embeddable":true,"href":"https:\/\/identimax.com.py\/index.php?rest_route=\/wp\/v2\/media\/2786"}],"wp:attachment":[{"href":"https:\/\/identimax.com.py\/index.php?rest_route=%2Fwp%2Fv2%2Fmedia&parent=2428"}],"wp:term":[{"taxonomy":"product_brand","embeddable":true,"href":"https:\/\/identimax.com.py\/index.php?rest_route=%2Fwp%2Fv2%2Fproduct_brand&post=2428"},{"taxonomy":"product_cat","embeddable":true,"href":"https:\/\/identimax.com.py\/index.php?rest_route=%2Fwp%2Fv2%2Fproduct_cat&post=2428"},{"taxonomy":"product_tag","embeddable":true,"href":"https:\/\/identimax.com.py\/index.php?rest_route=%2Fwp%2Fv2%2Fproduct_tag&post=2428"}],"curies":[{"name":"wp","href":"https:\/\/api.w.org\/{rel}","templated":true}]}}