{"id":2427,"date":"2026-01-26T23:01:49","date_gmt":"2026-01-26T23:01:49","guid":{"rendered":"https:\/\/identimax.com.py\/index.php\/product\/zebra-wt5400\/"},"modified":"2026-01-28T20:54:52","modified_gmt":"2026-01-28T20:54:52","slug":"zebra-wt5400","status":"publish","type":"product","link":"https:\/\/identimax.com.py\/?product=zebra-wt5400","title":{"rendered":"ZEBRA WT5400"},"content":{"rendered":"<ul>\n<li><b>Accesibilidad:<\/b> Tecnolog\u00eda wearable al alcance de tu presupuesto.<\/li>\n<li><b>Pantalla color:<\/b> Interfaz moderna y clara.<\/li>\n<li><b>Compacta:<\/b> Dise\u00f1o discreto y funcional.<\/li>\n<\/ul>\n","protected":false},"excerpt":{"rendered":"<p><strong>Soluci\u00f3n manos libres profesional y accesible.<\/strong><br \/>\nPermite equipar a m\u00e1s operarios con tecnolog\u00eda wearable. La WT5400 ofrece las funcionalidades esenciales de Zebra para flujos de trabajo manos libres, con una relaci\u00f3n costo-beneficio ideal para grandes despliegues.<\/p>\n","protected":false},"featured_media":2792,"template":"","meta":{"_joinchat":[]},"product_brand":[70],"product_cat":[81],"product_tag":[88],"class_list":{"0":"post-2427","1":"product","2":"type-product","3":"status-publish","4":"has-post-thumbnail","6":"product_brand-zebra","7":"product_cat-computo-movil","8":"product_tag-zebra","10":"first","11":"instock","12":"shipping-taxable","13":"product-type-simple"},"_links":{"self":[{"href":"https:\/\/identimax.com.py\/index.php?rest_route=\/wp\/v2\/product\/2427","targetHints":{"allow":["GET"]}}],"collection":[{"href":"https:\/\/identimax.com.py\/index.php?rest_route=\/wp\/v2\/product"}],"about":[{"href":"https:\/\/identimax.com.py\/index.php?rest_route=\/wp\/v2\/types\/product"}],"wp:featuredmedia":[{"embeddable":true,"href":"https:\/\/identimax.com.py\/index.php?rest_route=\/wp\/v2\/media\/2792"}],"wp:attachment":[{"href":"https:\/\/identimax.com.py\/index.php?rest_route=%2Fwp%2Fv2%2Fmedia&parent=2427"}],"wp:term":[{"taxonomy":"product_brand","embeddable":true,"href":"https:\/\/identimax.com.py\/index.php?rest_route=%2Fwp%2Fv2%2Fproduct_brand&post=2427"},{"taxonomy":"product_cat","embeddable":true,"href":"https:\/\/identimax.com.py\/index.php?rest_route=%2Fwp%2Fv2%2Fproduct_cat&post=2427"},{"taxonomy":"product_tag","embeddable":true,"href":"https:\/\/identimax.com.py\/index.php?rest_route=%2Fwp%2Fv2%2Fproduct_tag&post=2427"}],"curies":[{"name":"wp","href":"https:\/\/api.w.org\/{rel}","templated":true}]}}