{"id":2424,"date":"2026-01-26T23:01:48","date_gmt":"2026-01-26T23:01:48","guid":{"rendered":"https:\/\/identimax.com.py\/index.php\/product\/unitech-ht730\/"},"modified":"2026-01-28T15:15:15","modified_gmt":"2026-01-28T15:15:15","slug":"unitech-ht730","status":"publish","type":"product","link":"https:\/\/identimax.com.py\/?product=unitech-ht730","title":{"rendered":"UNITECH HT730"},"content":{"rendered":"<ul>\n<li><b>Dise\u00f1o One-Hand:<\/b> Ergonom\u00eda para operar con una mano.<\/li>\n<li><b>Escaneo 30\u00b0:<\/b> Visibilidad constante de la pantalla.<\/li>\n<li><b>Durabilidad:<\/b> Teclado de silicona resistente al desgaste.<\/li>\n<\/ul>\n","protected":false},"excerpt":{"rendered":"<p><strong>Operaci\u00f3n ergon\u00f3mica con una sola mano.<\/strong><br \/>\nDestacada por su esc\u00e1ner inclinado a 30 grados, permite visualizar la pantalla y el c\u00f3digo simult\u00e1neamente. Sus teclas grandes retroiluminadas est\u00e1n dise\u00f1adas para durar, asegurando una operaci\u00f3n fluida y c\u00f3moda.<\/p>\n","protected":false},"featured_media":2743,"template":"","meta":{"_joinchat":[]},"product_brand":[90],"product_cat":[81],"product_tag":[89],"class_list":{"0":"post-2424","1":"product","2":"type-product","3":"status-publish","4":"has-post-thumbnail","6":"product_brand-unitech","7":"product_cat-computo-movil","8":"product_tag-unitech","10":"first","11":"instock","12":"shipping-taxable","13":"product-type-simple"},"_links":{"self":[{"href":"https:\/\/identimax.com.py\/index.php?rest_route=\/wp\/v2\/product\/2424","targetHints":{"allow":["GET"]}}],"collection":[{"href":"https:\/\/identimax.com.py\/index.php?rest_route=\/wp\/v2\/product"}],"about":[{"href":"https:\/\/identimax.com.py\/index.php?rest_route=\/wp\/v2\/types\/product"}],"wp:featuredmedia":[{"embeddable":true,"href":"https:\/\/identimax.com.py\/index.php?rest_route=\/wp\/v2\/media\/2743"}],"wp:attachment":[{"href":"https:\/\/identimax.com.py\/index.php?rest_route=%2Fwp%2Fv2%2Fmedia&parent=2424"}],"wp:term":[{"taxonomy":"product_brand","embeddable":true,"href":"https:\/\/identimax.com.py\/index.php?rest_route=%2Fwp%2Fv2%2Fproduct_brand&post=2424"},{"taxonomy":"product_cat","embeddable":true,"href":"https:\/\/identimax.com.py\/index.php?rest_route=%2Fwp%2Fv2%2Fproduct_cat&post=2424"},{"taxonomy":"product_tag","embeddable":true,"href":"https:\/\/identimax.com.py\/index.php?rest_route=%2Fwp%2Fv2%2Fproduct_tag&post=2424"}],"curies":[{"name":"wp","href":"https:\/\/api.w.org\/{rel}","templated":true}]}}