{"id":2414,"date":"2026-01-26T23:01:46","date_gmt":"2026-01-26T23:01:46","guid":{"rendered":"https:\/\/identimax.com.py\/index.php\/product\/zebra-tc15\/"},"modified":"2026-01-28T18:00:31","modified_gmt":"2026-01-28T18:00:31","slug":"zebra-tc15","status":"publish","type":"product","link":"https:\/\/identimax.com.py\/?product=zebra-tc15","title":{"rendered":"ZEBRA TC15"},"content":{"rendered":"<ul>\n<li><b>Pantalla amplia:<\/b> 6.5&#8242; para mejor visualizaci\u00f3n de datos.<\/li>\n<li><b>Autonom\u00eda extendida:<\/b> Bater\u00eda de 5000 mAh para turnos completos.<\/li>\n<li><b>Protecci\u00f3n certificada:<\/b> IP67 resistente a elementos externos.<\/li>\n<\/ul>\n","protected":false},"excerpt":{"rendered":"<p><strong>Visibilidad total para tu cadena de suministro.<\/strong><br \/>\nCon su pantalla de 6.5 pulgadas, la TC15 permite que tus trabajadores visualicen rutas y planillas complejas con mayor claridad. Es un dispositivo robusto dise\u00f1ado para soportar el ritmo de la log\u00edstica de \u00faltima milla.<\/p>\n","protected":false},"featured_media":2764,"template":"","meta":{"_joinchat":[]},"product_brand":[70],"product_cat":[81],"product_tag":[88],"class_list":{"0":"post-2414","1":"product","2":"type-product","3":"status-publish","4":"has-post-thumbnail","6":"product_brand-zebra","7":"product_cat-computo-movil","8":"product_tag-zebra","10":"first","11":"instock","12":"shipping-taxable","13":"product-type-simple"},"_links":{"self":[{"href":"https:\/\/identimax.com.py\/index.php?rest_route=\/wp\/v2\/product\/2414","targetHints":{"allow":["GET"]}}],"collection":[{"href":"https:\/\/identimax.com.py\/index.php?rest_route=\/wp\/v2\/product"}],"about":[{"href":"https:\/\/identimax.com.py\/index.php?rest_route=\/wp\/v2\/types\/product"}],"wp:featuredmedia":[{"embeddable":true,"href":"https:\/\/identimax.com.py\/index.php?rest_route=\/wp\/v2\/media\/2764"}],"wp:attachment":[{"href":"https:\/\/identimax.com.py\/index.php?rest_route=%2Fwp%2Fv2%2Fmedia&parent=2414"}],"wp:term":[{"taxonomy":"product_brand","embeddable":true,"href":"https:\/\/identimax.com.py\/index.php?rest_route=%2Fwp%2Fv2%2Fproduct_brand&post=2414"},{"taxonomy":"product_cat","embeddable":true,"href":"https:\/\/identimax.com.py\/index.php?rest_route=%2Fwp%2Fv2%2Fproduct_cat&post=2414"},{"taxonomy":"product_tag","embeddable":true,"href":"https:\/\/identimax.com.py\/index.php?rest_route=%2Fwp%2Fv2%2Fproduct_tag&post=2414"}],"curies":[{"name":"wp","href":"https:\/\/api.w.org\/{rel}","templated":true}]}}